{"id":259,"date":"2015-10-02T13:41:28","date_gmt":"2015-10-02T11:41:28","guid":{"rendered":"https:\/\/unterleegut-ferienwohnungen.at\/?page_id=259&#038;lang=en"},"modified":"2020-12-15T14:08:17","modified_gmt":"2020-12-15T13:08:17","slug":"kontakt-anfahrt-2","status":"publish","type":"page","link":"https:\/\/gut-stein.at\/en\/it\/kontakt-anfahrt-2\/","title":{"rendered":"Kontakt &#038; Anfahrt"},"content":{"rendered":"<h1>Panoramalodge &#8220;Gut Stein&#8221;\u00a0 M\u00fchlbach am Hochk\u00f6nig<br \/>Salzburg &#8211; \u00d6sterreich\u00a0 <\/h1>\n<p>Patrick Reitinger<br \/>Nr. 43<br \/>5505 M\u00fchlbach am Hochk\u00f6nig<br \/>Salzburg \/ \u00d6sterreich<\/p>\n<p>Mail: <a href=\"urlaub@gut-stein.at\">urlaub@gut-stein.at<br \/><\/a>Telefon: +43 6467 7385<br \/>Mobil: +43 6502506192<\/p>\n\n","protected":false},"excerpt":{"rendered":"<p>Panoramalodge &#8220;Gut Stein&#8221;\u00a0 M\u00fchlbach am Hochk\u00f6nigSalzburg &#8211; \u00d6sterreich\u00a0 Patrick ReitingerNr. 435505 M\u00fchlbach am Hochk\u00f6nigSalzburg \/ \u00d6sterreich Mail: urlaub@gut-stein.atTelefon: +43 6467 7385Mobil: +43 6502506192<\/p>\n","protected":false},"author":2,"featured_media":0,"parent":0,"menu_order":0,"comment_status":"closed","ping_status":"closed","template":"contact.php","meta":{"footnotes":""},"class_list":["post-259","page","type-page","status-publish","hentry"],"yoast_head":"<!-- This site is optimized with the Yoast SEO plugin v27.4 - https:\/\/yoast.com\/product\/yoast-seo-wordpress\/ -->\n<title>Nr. 43 5505 M\u00fchlbach am Hochk\u00f6nig \u00d6sterreich, Ferienwohnungen Gut Stein Panoramalodge M\u00fchlbach am Hochk\u00f6nig, Salzburg\/Austria<\/title>\n<meta name=\"description\" content=\"Nr. 43 5505 M\u00fchlbach am Hochk\u00f6nig Salzburg \/ \u00d6sterreich\" \/>\n<meta name=\"robots\" content=\"index, follow, max-snippet:-1, max-image-preview:large, max-video-preview:-1\" \/>\n<link rel=\"canonical\" href=\"https:\/\/gut-stein.at\/en\/it\/kontakt-anfahrt-2\/\" \/>\n<meta property=\"og:locale\" content=\"it_IT\" \/>\n<meta property=\"og:locale:alternate\" content=\"en_US\" \/>\n<meta property=\"og:locale:alternate\" content=\"cs_CZ\" \/>\n<meta property=\"og:locale:alternate\" content=\"de_DE\" \/>\n<meta property=\"og:locale:alternate\" content=\"fr_FR\" \/>\n<meta property=\"og:locale:alternate\" content=\"hu_HU\" \/>\n<meta property=\"og:locale:alternate\" content=\"nl_NL\" \/>\n<meta property=\"og:type\" content=\"article\" \/>\n<meta property=\"og:title\" content=\"Nr. 43 5505 M\u00fchlbach am Hochk\u00f6nig \u00d6sterreich, Ferienwohnungen Gut Stein Panoramalodge M\u00fchlbach am Hochk\u00f6nig, Salzburg\/Austria\" \/>\n<meta property=\"og:description\" content=\"Nr. 43 5505 M\u00fchlbach am Hochk\u00f6nig Salzburg \/ \u00d6sterreich\" \/>\n<meta property=\"og:url\" content=\"https:\/\/gut-stein.at\/en\/it\/kontakt-anfahrt-2\/\" \/>\n<meta property=\"og:site_name\" content=\"Panorama Lodge \u201eGUT STEIN\u201c\" \/>\n<meta property=\"article:publisher\" content=\"https:\/\/www.facebook.com\/Gut-Stein-Panorama-Lodge-M%c3%bchlbach-am-Hochk%c3%b6nig-100731335098566\" \/>\n<meta property=\"article:modified_time\" content=\"2020-12-15T13:08:17+00:00\" \/>\n<meta name=\"twitter:card\" content=\"summary_large_image\" \/>\n<script type=\"application\/ld+json\" class=\"yoast-schema-graph\">{\"@context\":\"https:\\\/\\\/schema.org\",\"@graph\":[{\"@type\":\"WebPage\",\"@id\":\"https:\\\/\\\/gut-stein.at\\\/en\\\/kontakt-anfahrt-2\\\/\",\"url\":\"https:\\\/\\\/gut-stein.at\\\/en\\\/kontakt-anfahrt-2\\\/\",\"name\":\"Nr. 43 5505 M\u00fchlbach am Hochk\u00f6nig \u00d6sterreich, Ferienwohnungen Gut Stein Panoramalodge M\u00fchlbach am Hochk\u00f6nig, Salzburg\\\/Austria\",\"isPartOf\":{\"@id\":\"https:\\\/\\\/gut-stein.at\\\/#website\"},\"datePublished\":\"2015-10-02T11:41:28+00:00\",\"dateModified\":\"2020-12-15T13:08:17+00:00\",\"description\":\"Nr. 43 5505 M\u00fchlbach am Hochk\u00f6nig Salzburg \\\/ \u00d6sterreich\",\"inLanguage\":\"it-IT\",\"potentialAction\":[{\"@type\":\"ReadAction\",\"target\":[\"https:\\\/\\\/gut-stein.at\\\/en\\\/kontakt-anfahrt-2\\\/\"]}]},{\"@type\":\"WebSite\",\"@id\":\"https:\\\/\\\/gut-stein.at\\\/#website\",\"url\":\"https:\\\/\\\/gut-stein.at\\\/\",\"name\":\"Panorama Lodge \u201eGUT STEIN\u201c\",\"description\":\"M\u00fchlbach am HOCHK\u00d6NIG\",\"publisher\":{\"@id\":\"https:\\\/\\\/gut-stein.at\\\/#organization\"},\"potentialAction\":[{\"@type\":\"SearchAction\",\"target\":{\"@type\":\"EntryPoint\",\"urlTemplate\":\"https:\\\/\\\/gut-stein.at\\\/?s={search_term_string}\"},\"query-input\":{\"@type\":\"PropertyValueSpecification\",\"valueRequired\":true,\"valueName\":\"search_term_string\"}}],\"inLanguage\":\"it-IT\"},{\"@type\":\"Organization\",\"@id\":\"https:\\\/\\\/gut-stein.at\\\/#organization\",\"name\":\"Gut Stein Panoramalodge M\u00fchlbach\",\"url\":\"https:\\\/\\\/gut-stein.at\\\/\",\"logo\":{\"@type\":\"ImageObject\",\"inLanguage\":\"it-IT\",\"@id\":\"https:\\\/\\\/gut-stein.at\\\/#\\\/schema\\\/logo\\\/image\\\/\",\"url\":\"https:\\\/\\\/gut-stein.at\\\/wp-content\\\/uploads\\\/gut_stein_logo.png\",\"contentUrl\":\"https:\\\/\\\/gut-stein.at\\\/wp-content\\\/uploads\\\/gut_stein_logo.png\",\"width\":232,\"height\":100,\"caption\":\"Gut Stein Panoramalodge M\u00fchlbach\"},\"image\":{\"@id\":\"https:\\\/\\\/gut-stein.at\\\/#\\\/schema\\\/logo\\\/image\\\/\"},\"sameAs\":[\"https:\\\/\\\/www.facebook.com\\\/Gut-Stein-Panorama-Lodge-M\u00fchlbach-am-Hochk\u00f6nig-100731335098566\"]}]}<\/script>\n<!-- \/ Yoast SEO plugin. -->","yoast_head_json":{"title":"Nr. 43 5505 M\u00fchlbach am Hochk\u00f6nig \u00d6sterreich, Ferienwohnungen Gut Stein Panoramalodge M\u00fchlbach am Hochk\u00f6nig, Salzburg\/Austria","description":"Nr. 43 5505 M\u00fchlbach am Hochk\u00f6nig Salzburg \/ \u00d6sterreich","robots":{"index":"index","follow":"follow","max-snippet":"max-snippet:-1","max-image-preview":"max-image-preview:large","max-video-preview":"max-video-preview:-1"},"canonical":"https:\/\/gut-stein.at\/en\/it\/kontakt-anfahrt-2\/","og_locale":"it_IT","og_type":"article","og_title":"Nr. 43 5505 M\u00fchlbach am Hochk\u00f6nig \u00d6sterreich, Ferienwohnungen Gut Stein Panoramalodge M\u00fchlbach am Hochk\u00f6nig, Salzburg\/Austria","og_description":"Nr. 43 5505 M\u00fchlbach am Hochk\u00f6nig Salzburg \/ \u00d6sterreich","og_url":"https:\/\/gut-stein.at\/en\/it\/kontakt-anfahrt-2\/","og_site_name":"Panorama Lodge \u201eGUT STEIN\u201c","article_publisher":"https:\/\/www.facebook.com\/Gut-Stein-Panorama-Lodge-M%c3%bchlbach-am-Hochk%c3%b6nig-100731335098566","article_modified_time":"2020-12-15T13:08:17+00:00","twitter_card":"summary_large_image","schema":{"@context":"https:\/\/schema.org","@graph":[{"@type":"WebPage","@id":"https:\/\/gut-stein.at\/en\/kontakt-anfahrt-2\/","url":"https:\/\/gut-stein.at\/en\/kontakt-anfahrt-2\/","name":"Nr. 43 5505 M\u00fchlbach am Hochk\u00f6nig \u00d6sterreich, Ferienwohnungen Gut Stein Panoramalodge M\u00fchlbach am Hochk\u00f6nig, Salzburg\/Austria","isPartOf":{"@id":"https:\/\/gut-stein.at\/#website"},"datePublished":"2015-10-02T11:41:28+00:00","dateModified":"2020-12-15T13:08:17+00:00","description":"Nr. 43 5505 M\u00fchlbach am Hochk\u00f6nig Salzburg \/ \u00d6sterreich","inLanguage":"it-IT","potentialAction":[{"@type":"ReadAction","target":["https:\/\/gut-stein.at\/en\/kontakt-anfahrt-2\/"]}]},{"@type":"WebSite","@id":"https:\/\/gut-stein.at\/#website","url":"https:\/\/gut-stein.at\/","name":"Panorama Lodge \u201eGUT STEIN\u201c","description":"M\u00fchlbach am HOCHK\u00d6NIG","publisher":{"@id":"https:\/\/gut-stein.at\/#organization"},"potentialAction":[{"@type":"SearchAction","target":{"@type":"EntryPoint","urlTemplate":"https:\/\/gut-stein.at\/?s={search_term_string}"},"query-input":{"@type":"PropertyValueSpecification","valueRequired":true,"valueName":"search_term_string"}}],"inLanguage":"it-IT"},{"@type":"Organization","@id":"https:\/\/gut-stein.at\/#organization","name":"Gut Stein Panoramalodge M\u00fchlbach","url":"https:\/\/gut-stein.at\/","logo":{"@type":"ImageObject","inLanguage":"it-IT","@id":"https:\/\/gut-stein.at\/#\/schema\/logo\/image\/","url":"https:\/\/gut-stein.at\/wp-content\/uploads\/gut_stein_logo.png","contentUrl":"https:\/\/gut-stein.at\/wp-content\/uploads\/gut_stein_logo.png","width":232,"height":100,"caption":"Gut Stein Panoramalodge M\u00fchlbach"},"image":{"@id":"https:\/\/gut-stein.at\/#\/schema\/logo\/image\/"},"sameAs":["https:\/\/www.facebook.com\/Gut-Stein-Panorama-Lodge-M\u00fchlbach-am-Hochk\u00f6nig-100731335098566"]}]}},"_links":{"self":[{"href":"https:\/\/gut-stein.at\/en\/it\/wp-json\/wp\/v2\/pages\/259","targetHints":{"allow":["GET"]}}],"collection":[{"href":"https:\/\/gut-stein.at\/en\/it\/wp-json\/wp\/v2\/pages"}],"about":[{"href":"https:\/\/gut-stein.at\/en\/it\/wp-json\/wp\/v2\/types\/page"}],"author":[{"embeddable":true,"href":"https:\/\/gut-stein.at\/en\/it\/wp-json\/wp\/v2\/users\/2"}],"replies":[{"embeddable":true,"href":"https:\/\/gut-stein.at\/en\/it\/wp-json\/wp\/v2\/comments?post=259"}],"version-history":[{"count":1,"href":"https:\/\/gut-stein.at\/en\/it\/wp-json\/wp\/v2\/pages\/259\/revisions"}],"predecessor-version":[{"id":2555,"href":"https:\/\/gut-stein.at\/en\/it\/wp-json\/wp\/v2\/pages\/259\/revisions\/2555"}],"wp:attachment":[{"href":"https:\/\/gut-stein.at\/en\/it\/wp-json\/wp\/v2\/media?parent=259"}],"curies":[{"name":"wp","href":"https:\/\/api.w.org\/{rel}","templated":true}]}}