{"id":2317,"date":"2020-09-02T09:53:36","date_gmt":"2020-09-02T07:53:36","guid":{"rendered":"https:\/\/gut-stein.at\/?page_id=2317"},"modified":"2020-12-11T12:02:11","modified_gmt":"2020-12-11T11:02:11","slug":"aberdeen-angus","status":"publish","type":"page","link":"https:\/\/gut-stein.at\/fr\/aberdeen-angus\/","title":{"rendered":"Aberdeen Angus"},"content":{"rendered":"\n<h1>Gria\u00df eich,<\/h1>\n<p>auf meinen Bergbauernhof in M\u00fchlbach am Hochk\u00f6nig der den Namen Gut-Stein tr\u00e4gt, lebt eine Aberdeen Angus Herde.<\/p>\n<p>Das Aberdeen Angus Rind, dass urspr\u00fcnglich aus Schottland kommt, ist weltbekannt f\u00fcr hervorragende Fleischqualit\u00e4t!<\/p>\n<p>Um die h\u00f6chste Qualit\u00e4t zu erreichen, ben\u00f6tigen die Tiere viel Zeit und Ruhe zum Aufwachsen die ich ihnen auf meinen Hof bieten kann.<\/p>\n<div  id=\"jtg-2322\" class=\"modula modula-gallery modula-creative-gallery\" data-config=\"{&quot;height&quot;:800,&quot;tabletHeight&quot;:800,&quot;mobileHeight&quot;:800,&quot;desktopHeight&quot;:800,&quot;enableTwitter&quot;:false,&quot;enableWhatsapp&quot;:false,&quot;enableFacebook&quot;:false,&quot;enablePinterest&quot;:false,&quot;enableLinkedin&quot;:false,&quot;enableEmail&quot;:false,&quot;randomFactor&quot;:0.5,&quot;type&quot;:&quot;creative-gallery&quot;,&quot;columns&quot;:12,&quot;gutter&quot;:10,&quot;mobileGutter&quot;:10,&quot;tabletGutter&quot;:10,&quot;desktopGutter&quot;:10,&quot;enableResponsive&quot;:&quot;0&quot;,&quot;tabletColumns&quot;:&quot;2&quot;,&quot;mobileColumns&quot;:&quot;1&quot;,&quot;lazyLoad&quot;:0,&quot;lightboxOpts&quot;:{&quot;animated&quot;:true,&quot;Thumbs&quot;:{&quot;type&quot;:&quot;modern&quot;,&quot;showOnStart&quot;:false},&quot;Toolbar&quot;:{&quot;display&quot;:{&quot;right&quot;:[&quot;close&quot;]},&quot;enabled&quot;:true},&quot;Carousel&quot;:{&quot;Panzoom&quot;:{&quot;touch&quot;:true},&quot;infinite&quot;:false},&quot;keyboard&quot;:{&quot;Escape&quot;:&quot;close&quot;,&quot;Delete&quot;:&quot;close&quot;,&quot;Backspace&quot;:&quot;close&quot;,&quot;PageUp&quot;:false,&quot;PageDown&quot;:false,&quot;ArrowUp&quot;:false,&quot;ArrowDown&quot;:false,&quot;ArrowRight&quot;:false,&quot;ArrowLeft&quot;:false},&quot;touch&quot;:false,&quot;backdropClick&quot;:false,&quot;l10n&quot;:{&quot;CLOSE&quot;:&quot;Close&quot;,&quot;NEXT&quot;:&quot;Next&quot;,&quot;PREV&quot;:&quot;Previous&quot;,&quot;Error&quot;:&quot;The requested content cannot be loaded. Please try again later.&quot;,&quot;PLAY_START&quot;:&quot;Start slideshow&quot;,&quot;PLAY_STOP&quot;:&quot;Pause slideshow&quot;,&quot;FULL_SCREEN&quot;:&quot;Full screen&quot;,&quot;THUMBS&quot;:&quot;Thumbnails&quot;,&quot;DOWNLOAD&quot;:&quot;Download&quot;,&quot;SHARE&quot;:&quot;Share&quot;,&quot;ZOOM&quot;:&quot;Zoom&quot;,&quot;EMAIL&quot;:&quot;Here is the link to the image : %%image_link%% and this is the link to the gallery : %%gallery_link%%&quot;,&quot;MODAL&quot;:&quot;You can close this modal content with the ESC key&quot;,&quot;ERROR&quot;:&quot;Something Went Wrong, Please Try Again Later&quot;,&quot;IMAGE_ERROR&quot;:&quot;Image Not Found&quot;,&quot;ELEMENT_NOT_FOUND&quot;:&quot;HTML Element Not Found&quot;,&quot;AJAX_NOT_FOUND&quot;:&quot;Error Loading AJAX : Not Found&quot;,&quot;AJAX_FORBIDDEN&quot;:&quot;Error Loading AJAX : Forbidden&quot;,&quot;IFRAME_ERROR&quot;:&quot;Error Loading Page&quot;,&quot;TOGGLE_ZOOM&quot;:&quot;Toggle zoom level&quot;,&quot;TOGGLE_THUMBS&quot;:&quot;Toggle thumbnails&quot;,&quot;TOGGLE_SLIDESHOW&quot;:&quot;Toggle slideshow&quot;,&quot;TOGGLE_FULLSCREEN&quot;:&quot;Toggle full-screen mode&quot;},&quot;Images&quot;:{&quot;Panzoom&quot;:{&quot;maxScale&quot;:2}},&quot;mainClass&quot;:&quot;modula-fancybox-container modula-lightbox-jtg-2322&quot;,&quot;Html&quot;:{&quot;videoAutoplay&quot;:0,&quot;videoTpl&quot;:&quot;&lt;video class=\\&quot;fancybox__html5video\\&quot; controls muted playsinline controlsList controlsList=\\&quot;nodownload\\&quot; poster=\\&quot;{{poster}}\\&quot; src=\\&quot;{{src}}\\&quot; type=\\&quot;{{format}}\\&quot; &gt;  Sorry, your browser doesn&#039;t support embedded videos, &lt;a href=\\&quot;{{src}}\\&quot;&gt; download &lt;\\\/a&gt; and watch with your favorite video player! &lt;\\\/video&gt;&quot;}},&quot;inView&quot;:false,&quot;email_subject&quot;:&quot;Check out this awesome image !!&quot;,&quot;email_message&quot;:&quot;Here is the link to the image : %%image_link%% and this is the link to the gallery : %%gallery_link%%&quot;,&quot;lightbox&quot;:&quot;fancybox&quot;}\">\n\n\t\n\t<div  class=\"modula-items\">\n\t\t<div class=\"modula-item effect-pufrobo\" >\n\t<div class=\"modula-item-overlay\"><\/div>\n\n\t<div class=\"modula-item-content\">\n\n\t\t<a data-image-id=\"2323\" role=\"button\" tabindex=\"0\" rel=\"jtg-2322\" data-caption=\"\" aria-label=\"Open image in lightbox\" class=\"tile-inner modula-item-link\"><\/a><img decoding=\"async\" class=\"pic wp-image-2323\"  data-valign=\"middle\" data-halign=\"center\" alt=\"\" data-full=\"https:\/\/gut-stein.at\/wp-content\/uploads\/Gut_Stein_Aberdeen_Angus_01.jpeg\" title=\"Gut_Stein_Aberdeen_Angus_01\" crop=\"\" width=\"300\" height=\"225\" src=\"https:\/\/gut-stein.at\/wp-content\/uploads\/Gut_Stein_Aberdeen_Angus_01-300x225.jpeg\" data-src=\"https:\/\/gut-stein.at\/wp-content\/uploads\/Gut_Stein_Aberdeen_Angus_01-300x225.jpeg\" data-caption=\"\" srcset=\"https:\/\/gut-stein.at\/wp-content\/uploads\/Gut_Stein_Aberdeen_Angus_01-200x150.jpeg 200w, https:\/\/gut-stein.at\/wp-content\/uploads\/Gut_Stein_Aberdeen_Angus_01-300x225.jpeg 300w, https:\/\/gut-stein.at\/wp-content\/uploads\/Gut_Stein_Aberdeen_Angus_01-400x300.jpeg 400w, https:\/\/gut-stein.at\/wp-content\/uploads\/Gut_Stein_Aberdeen_Angus_01-600x450.jpeg 600w, https:\/\/gut-stein.at\/wp-content\/uploads\/Gut_Stein_Aberdeen_Angus_01-768x576.jpeg 768w, https:\/\/gut-stein.at\/wp-content\/uploads\/Gut_Stein_Aberdeen_Angus_01-800x600.jpeg 800w, https:\/\/gut-stein.at\/wp-content\/uploads\/Gut_Stein_Aberdeen_Angus_01-1024x768.jpeg 1024w, https:\/\/gut-stein.at\/wp-content\/uploads\/Gut_Stein_Aberdeen_Angus_01-1200x900.jpeg 1200w, https:\/\/gut-stein.at\/wp-content\/uploads\/Gut_Stein_Aberdeen_Angus_01-1536x1152.jpeg 1536w, https:\/\/gut-stein.at\/wp-content\/uploads\/Gut_Stein_Aberdeen_Angus_01.jpeg 1600w\" sizes=\"(max-width: 300px) 100vw, 300px\" \/>\n\t\t<div class=\"figc no-description\">\n\t\t\t<div class=\"figc-inner\">\n\t\t\t\t\t\t\t\t\t\t\t\t\t\t\t<\/div>\n\t\t<\/div>\n\n\t<\/div>\n\n<\/div><div class=\"modula-item effect-pufrobo\" >\n\t<div class=\"modula-item-overlay\"><\/div>\n\n\t<div class=\"modula-item-content\">\n\n\t\t<a data-image-id=\"2325\" role=\"button\" tabindex=\"0\" rel=\"jtg-2322\" data-caption=\"\" aria-label=\"Open image in lightbox\" class=\"tile-inner modula-item-link\"><\/a><img decoding=\"async\" class=\"pic wp-image-2325\"  data-valign=\"middle\" data-halign=\"center\" alt=\"\" data-full=\"https:\/\/gut-stein.at\/wp-content\/uploads\/Gut_Stein_Aberdeen_Angus_02.jpeg\" title=\"Gut_Stein_Aberdeen_Angus_02\" crop=\"\" width=\"300\" height=\"294\" src=\"https:\/\/gut-stein.at\/wp-content\/uploads\/Gut_Stein_Aberdeen_Angus_02-300x294.jpeg\" data-src=\"https:\/\/gut-stein.at\/wp-content\/uploads\/Gut_Stein_Aberdeen_Angus_02-300x294.jpeg\" data-caption=\"\" srcset=\"https:\/\/gut-stein.at\/wp-content\/uploads\/Gut_Stein_Aberdeen_Angus_02-66x66.jpeg 66w, https:\/\/gut-stein.at\/wp-content\/uploads\/Gut_Stein_Aberdeen_Angus_02-200x196.jpeg 200w, https:\/\/gut-stein.at\/wp-content\/uploads\/Gut_Stein_Aberdeen_Angus_02-300x294.jpeg 300w, https:\/\/gut-stein.at\/wp-content\/uploads\/Gut_Stein_Aberdeen_Angus_02-400x393.jpeg 400w, https:\/\/gut-stein.at\/wp-content\/uploads\/Gut_Stein_Aberdeen_Angus_02-600x589.jpeg 600w, https:\/\/gut-stein.at\/wp-content\/uploads\/Gut_Stein_Aberdeen_Angus_02.jpeg 696w\" sizes=\"(max-width: 300px) 100vw, 300px\" \/>\n\t\t<div class=\"figc no-description\">\n\t\t\t<div class=\"figc-inner\">\n\t\t\t\t\t\t\t\t\t\t\t\t\t\t\t<\/div>\n\t\t<\/div>\n\n\t<\/div>\n\n<\/div><div class=\"modula-item effect-pufrobo\" >\n\t<div class=\"modula-item-overlay\"><\/div>\n\n\t<div class=\"modula-item-content\">\n\n\t\t<a data-image-id=\"2327\" role=\"button\" tabindex=\"0\" rel=\"jtg-2322\" data-caption=\"\" aria-label=\"Open image in lightbox\" class=\"tile-inner modula-item-link\"><\/a><img decoding=\"async\" class=\"pic wp-image-2327\"  data-valign=\"middle\" data-halign=\"center\" alt=\"\" data-full=\"https:\/\/gut-stein.at\/wp-content\/uploads\/Gut_Stein_Aberdeen_Angus_03.jpeg\" title=\"Gut_Stein_Aberdeen_Angus_03\" crop=\"\" width=\"225\" height=\"300\" src=\"https:\/\/gut-stein.at\/wp-content\/uploads\/Gut_Stein_Aberdeen_Angus_03-225x300.jpeg\" data-src=\"https:\/\/gut-stein.at\/wp-content\/uploads\/Gut_Stein_Aberdeen_Angus_03-225x300.jpeg\" data-caption=\"\" srcset=\"https:\/\/gut-stein.at\/wp-content\/uploads\/Gut_Stein_Aberdeen_Angus_03-200x267.jpeg 200w, https:\/\/gut-stein.at\/wp-content\/uploads\/Gut_Stein_Aberdeen_Angus_03-225x300.jpeg 225w, https:\/\/gut-stein.at\/wp-content\/uploads\/Gut_Stein_Aberdeen_Angus_03-400x533.jpeg 400w, https:\/\/gut-stein.at\/wp-content\/uploads\/Gut_Stein_Aberdeen_Angus_03-600x800.jpeg 600w, https:\/\/gut-stein.at\/wp-content\/uploads\/Gut_Stein_Aberdeen_Angus_03-768x1024.jpeg 768w, https:\/\/gut-stein.at\/wp-content\/uploads\/Gut_Stein_Aberdeen_Angus_03-800x1067.jpeg 800w, https:\/\/gut-stein.at\/wp-content\/uploads\/Gut_Stein_Aberdeen_Angus_03-1152x1536.jpeg 1152w, https:\/\/gut-stein.at\/wp-content\/uploads\/Gut_Stein_Aberdeen_Angus_03.jpeg 1200w\" sizes=\"(max-width: 225px) 100vw, 225px\" \/>\n\t\t<div class=\"figc no-description\">\n\t\t\t<div class=\"figc-inner\">\n\t\t\t\t\t\t\t\t\t\t\t\t\t\t\t<\/div>\n\t\t<\/div>\n\n\t<\/div>\n\n<\/div>\t\t\n\t<\/div>\n\n\t\n\t\n\t<script type=\"application\/ld+json\">\n\t{\n\t\t\"@context\": \"http:\/\/schema.org\",\n\t\t\"@type\"   : \"ImageGallery\",\n\t\t\"id\"      : \"https:\/\/gut-stein.at\/fr\/aberdeen-angus\/\",\n\t\t\"url\"     : \"https:\/\/gut-stein.at\/fr\/aberdeen-angus\/\"\n\t}\n\n\t<\/script>\n\n\t\n<\/div>\n\n<p>Die Herde lebt den ganzen Sommer \u00fcber auf der eigenen Weide wo sie sich \u00fcber das saftige Gr\u00fcn, bestes Quellwasser und nat\u00fcrlich viel Auslauf freuen. Zur kalten Jahreszeit ziehen die Tiere gerne in ihren modernen Laufstall ein, wo sie ausschlie\u00dflich mit Heu aus der eigen Ernte gef\u00fcttert werden.<\/p>\n<p>Die K\u00e4lber k\u00f6nnen das ganze Jahr \u00fcber, ob auf der Weide oder im Stall zu ihrer Mutter um Milch zu trinken oder auch nur f\u00fcr eine kleine Kuscheleinheit.<br><br><strong>Gerne k\u00f6nnen auf Vorbestellung folgende Produkte bei mir reserviert werden:<\/strong><\/p>\n<ul>\n<li>Aberdeen Angus Filet \u20ac45\/Kg<\/li>\n<li>Aberdeen Angus Beiried \u20ac25\/Kg<\/li>\n<li>Aberdeen Angus Rostbraten \u20ac25\/Kg<\/li>\n<li>Aberdeen Angus Mischpaket ab 5 kg <br>(Gulasch, Braten, Schnitzel, Faschiertes, Suppenstreifen und Knochen) \u20ac15\/Kg<\/li>\n<\/ul>\n\n<div class=\"wpcf7 no-js\" id=\"wpcf7-f2349-o1\" lang=\"de-DE\" dir=\"ltr\" data-wpcf7-id=\"2349\">\n<div class=\"screen-reader-response\"><p role=\"status\" aria-live=\"polite\" aria-atomic=\"true\"><\/p> <ul><\/ul><\/div>\n<form action=\"\/fr\/wp-json\/wp\/v2\/pages\/2317#wpcf7-f2349-o1\" method=\"post\" class=\"wpcf7-form init\" aria-label=\"Kontaktformular\" novalidate=\"novalidate\" data-status=\"init\">\n<fieldset class=\"hidden-fields-container\"><input type=\"hidden\" name=\"_wpcf7\" value=\"2349\" \/><input type=\"hidden\" name=\"_wpcf7_version\" value=\"6.1.5\" \/><input type=\"hidden\" name=\"_wpcf7_locale\" value=\"de_DE\" \/><input type=\"hidden\" name=\"_wpcf7_unit_tag\" value=\"wpcf7-f2349-o1\" \/><input type=\"hidden\" name=\"_wpcf7_container_post\" value=\"0\" \/><input type=\"hidden\" name=\"_wpcf7_posted_data_hash\" value=\"\" \/><input type=\"hidden\" name=\"lang\" value=\"fr\" \/>\n<\/fieldset>\n<p><label> Dein Name (Pflichtfeld)<br \/>\n<span class=\"wpcf7-form-control-wrap\" data-name=\"your-name\"><input size=\"40\" maxlength=\"400\" class=\"wpcf7-form-control wpcf7-text wpcf7-validates-as-required\" aria-required=\"true\" aria-invalid=\"false\" value=\"\" type=\"text\" name=\"your-name\" \/><\/span> <\/label>\n<\/p>\n<p><label> Deine E-Mail-Adresse (Pflichtfeld)<br \/>\n<span class=\"wpcf7-form-control-wrap\" data-name=\"your-email\"><input size=\"40\" maxlength=\"400\" class=\"wpcf7-form-control wpcf7-email wpcf7-validates-as-required wpcf7-text wpcf7-validates-as-email\" aria-required=\"true\" aria-invalid=\"false\" value=\"\" type=\"email\" name=\"your-email\" \/><\/span> <\/label>\n<\/p>\n<p><label> Betreff<br \/>\n<span class=\"wpcf7-form-control-wrap\" data-name=\"your-subject\"><input size=\"40\" maxlength=\"400\" class=\"wpcf7-form-control wpcf7-text\" aria-invalid=\"false\" value=\"\" type=\"text\" name=\"your-subject\" \/><\/span> <\/label>\n<\/p>\n<p><label> Deine Nachricht<br \/>\n<span class=\"wpcf7-form-control-wrap\" data-name=\"your-message\"><textarea cols=\"40\" rows=\"10\" maxlength=\"2000\" class=\"wpcf7-form-control wpcf7-textarea\" aria-invalid=\"false\" name=\"your-message\"><\/textarea><\/span> <\/label>\n<\/p>\n<p><input class=\"wpcf7-form-control wpcf7-submit has-spinner\" type=\"submit\" value=\"Senden\" \/>\n<\/p><div class=\"fusion-alert alert custom alert-custom fusion-alert-center wpcf7-response-output awb-alert-native-link-color alert-dismissable awb-alert-close-boxed\" style=\"--awb-border-top-left-radius:0px;--awb-border-top-right-radius:0px;--awb-border-bottom-left-radius:0px;--awb-border-bottom-right-radius:0px;\" role=\"alert\"><div class=\"fusion-alert-content-wrapper\"><span class=\"fusion-alert-content\"><\/span><\/div><button type=\"button\" class=\"close toggle-alert\" data-dismiss=\"alert\" aria-label=\"Close\">&times;<\/button><\/div>\n<\/form>\n<\/div>\n\n<h2>Ich freue mich auf Eure Bestellung!<br>Liebe Gr\u00fc\u00dfe euer Patrick vom Gut Stein<\/h2>\n<p>&nbsp;<\/p>\n<p>&nbsp;<\/p>\n\n\n","protected":false},"excerpt":{"rendered":"<p>Gria\u00df eich, auf meinen Bergbauernhof in M\u00fchlbach am Hochk\u00f6nig der den Namen Gut-Stein tr\u00e4gt, lebt eine Aberdeen Angus Herde. Das Aberdeen Angus Rind, dass urspr\u00fcnglich aus Schottland kommt, ist weltbekannt f\u00fcr hervorragende Fleischqualit\u00e4t! Um die h\u00f6chste Qualit\u00e4t zu erreichen, ben\u00f6tigen die Tiere viel Zeit und Ruhe zum Aufwachsen die ich ihnen auf meinen Hof bieten <a href=\"https:\/\/gut-stein.at\/fr\/aberdeen-angus\/\"> [&#8230;]<\/a><\/p>\n","protected":false},"author":2,"featured_media":0,"parent":0,"menu_order":0,"comment_status":"closed","ping_status":"closed","template":"","meta":{"footnotes":""},"class_list":["post-2317","page","type-page","status-publish","hentry"],"yoast_head":"<!-- This site is optimized with the Yoast SEO plugin v27.4 - https:\/\/yoast.com\/product\/yoast-seo-wordpress\/ -->\n<title>Aberdeen Angus - Panorama Lodge \u201eGUT STEIN\u201c<\/title>\n<meta name=\"robots\" content=\"index, follow, max-snippet:-1, max-image-preview:large, max-video-preview:-1\" \/>\n<link rel=\"canonical\" href=\"https:\/\/gut-stein.at\/fr\/aberdeen-angus\/\" \/>\n<meta property=\"og:locale\" content=\"fr_FR\" \/>\n<meta property=\"og:locale:alternate\" content=\"en_US\" \/>\n<meta property=\"og:locale:alternate\" content=\"cs_CZ\" \/>\n<meta property=\"og:locale:alternate\" content=\"de_DE\" \/>\n<meta property=\"og:locale:alternate\" content=\"hu_HU\" \/>\n<meta property=\"og:locale:alternate\" content=\"it_IT\" \/>\n<meta property=\"og:locale:alternate\" content=\"nl_NL\" \/>\n<meta property=\"og:type\" content=\"article\" \/>\n<meta property=\"og:title\" content=\"Aberdeen Angus - Panorama Lodge \u201eGUT STEIN\u201c\" \/>\n<meta property=\"og:description\" content=\"Gria\u00df eich, auf meinen Bergbauernhof in M\u00fchlbach am Hochk\u00f6nig der den Namen Gut-Stein tr\u00e4gt, lebt eine Aberdeen Angus Herde. Das Aberdeen Angus Rind, dass urspr\u00fcnglich aus Schottland kommt, ist weltbekannt f\u00fcr hervorragende Fleischqualit\u00e4t! Um die h\u00f6chste Qualit\u00e4t zu erreichen, ben\u00f6tigen die Tiere viel Zeit und Ruhe zum Aufwachsen die ich ihnen auf meinen Hof bieten [...]\" \/>\n<meta property=\"og:url\" content=\"https:\/\/gut-stein.at\/fr\/aberdeen-angus\/\" \/>\n<meta property=\"og:site_name\" content=\"Panorama Lodge \u201eGUT STEIN\u201c\" \/>\n<meta property=\"article:publisher\" content=\"https:\/\/www.facebook.com\/Gut-Stein-Panorama-Lodge-M%c3%bchlbach-am-Hochk%c3%b6nig-100731335098566\" \/>\n<meta property=\"article:modified_time\" content=\"2020-12-11T11:02:11+00:00\" \/>\n<meta name=\"twitter:card\" content=\"summary_large_image\" \/>\n<meta name=\"twitter:label1\" content=\"Dur\u00e9e de lecture estim\u00e9e\" \/>\n\t<meta name=\"twitter:data1\" content=\"1 minute\" \/>\n<script type=\"application\/ld+json\" class=\"yoast-schema-graph\">{\"@context\":\"https:\\\/\\\/schema.org\",\"@graph\":[{\"@type\":\"WebPage\",\"@id\":\"https:\\\/\\\/gut-stein.at\\\/aberdeen-angus\\\/\",\"url\":\"https:\\\/\\\/gut-stein.at\\\/aberdeen-angus\\\/\",\"name\":\"Aberdeen Angus - Panorama Lodge \u201eGUT STEIN\u201c\",\"isPartOf\":{\"@id\":\"https:\\\/\\\/gut-stein.at\\\/#website\"},\"datePublished\":\"2020-09-02T07:53:36+00:00\",\"dateModified\":\"2020-12-11T11:02:11+00:00\",\"breadcrumb\":{\"@id\":\"https:\\\/\\\/gut-stein.at\\\/aberdeen-angus\\\/#breadcrumb\"},\"inLanguage\":\"fr-FR\",\"potentialAction\":[{\"@type\":\"ReadAction\",\"target\":[\"https:\\\/\\\/gut-stein.at\\\/aberdeen-angus\\\/\"]}]},{\"@type\":\"BreadcrumbList\",\"@id\":\"https:\\\/\\\/gut-stein.at\\\/aberdeen-angus\\\/#breadcrumb\",\"itemListElement\":[{\"@type\":\"ListItem\",\"position\":1,\"name\":\"Startseite\",\"item\":\"https:\\\/\\\/gut-stein.at\\\/\"},{\"@type\":\"ListItem\",\"position\":2,\"name\":\"Aberdeen Angus\"}]},{\"@type\":\"WebSite\",\"@id\":\"https:\\\/\\\/gut-stein.at\\\/#website\",\"url\":\"https:\\\/\\\/gut-stein.at\\\/\",\"name\":\"Panorama Lodge \u201eGUT STEIN\u201c\",\"description\":\"M\u00fchlbach am HOCHK\u00d6NIG\",\"publisher\":{\"@id\":\"https:\\\/\\\/gut-stein.at\\\/#organization\"},\"potentialAction\":[{\"@type\":\"SearchAction\",\"target\":{\"@type\":\"EntryPoint\",\"urlTemplate\":\"https:\\\/\\\/gut-stein.at\\\/?s={search_term_string}\"},\"query-input\":{\"@type\":\"PropertyValueSpecification\",\"valueRequired\":true,\"valueName\":\"search_term_string\"}}],\"inLanguage\":\"fr-FR\"},{\"@type\":\"Organization\",\"@id\":\"https:\\\/\\\/gut-stein.at\\\/#organization\",\"name\":\"Gut Stein Panoramalodge M\u00fchlbach\",\"url\":\"https:\\\/\\\/gut-stein.at\\\/\",\"logo\":{\"@type\":\"ImageObject\",\"inLanguage\":\"fr-FR\",\"@id\":\"https:\\\/\\\/gut-stein.at\\\/#\\\/schema\\\/logo\\\/image\\\/\",\"url\":\"https:\\\/\\\/gut-stein.at\\\/wp-content\\\/uploads\\\/gut_stein_logo.png\",\"contentUrl\":\"https:\\\/\\\/gut-stein.at\\\/wp-content\\\/uploads\\\/gut_stein_logo.png\",\"width\":232,\"height\":100,\"caption\":\"Gut Stein Panoramalodge M\u00fchlbach\"},\"image\":{\"@id\":\"https:\\\/\\\/gut-stein.at\\\/#\\\/schema\\\/logo\\\/image\\\/\"},\"sameAs\":[\"https:\\\/\\\/www.facebook.com\\\/Gut-Stein-Panorama-Lodge-M\u00fchlbach-am-Hochk\u00f6nig-100731335098566\"]}]}<\/script>\n<!-- \/ Yoast SEO plugin. -->","yoast_head_json":{"title":"Aberdeen Angus - Panorama Lodge \u201eGUT STEIN\u201c","robots":{"index":"index","follow":"follow","max-snippet":"max-snippet:-1","max-image-preview":"max-image-preview:large","max-video-preview":"max-video-preview:-1"},"canonical":"https:\/\/gut-stein.at\/fr\/aberdeen-angus\/","og_locale":"fr_FR","og_type":"article","og_title":"Aberdeen Angus - Panorama Lodge \u201eGUT STEIN\u201c","og_description":"Gria\u00df eich, auf meinen Bergbauernhof in M\u00fchlbach am Hochk\u00f6nig der den Namen Gut-Stein tr\u00e4gt, lebt eine Aberdeen Angus Herde. Das Aberdeen Angus Rind, dass urspr\u00fcnglich aus Schottland kommt, ist weltbekannt f\u00fcr hervorragende Fleischqualit\u00e4t! Um die h\u00f6chste Qualit\u00e4t zu erreichen, ben\u00f6tigen die Tiere viel Zeit und Ruhe zum Aufwachsen die ich ihnen auf meinen Hof bieten [...]","og_url":"https:\/\/gut-stein.at\/fr\/aberdeen-angus\/","og_site_name":"Panorama Lodge \u201eGUT STEIN\u201c","article_publisher":"https:\/\/www.facebook.com\/Gut-Stein-Panorama-Lodge-M%c3%bchlbach-am-Hochk%c3%b6nig-100731335098566","article_modified_time":"2020-12-11T11:02:11+00:00","twitter_card":"summary_large_image","twitter_misc":{"Dur\u00e9e de lecture estim\u00e9e":"1 minute"},"schema":{"@context":"https:\/\/schema.org","@graph":[{"@type":"WebPage","@id":"https:\/\/gut-stein.at\/aberdeen-angus\/","url":"https:\/\/gut-stein.at\/aberdeen-angus\/","name":"Aberdeen Angus - Panorama Lodge \u201eGUT STEIN\u201c","isPartOf":{"@id":"https:\/\/gut-stein.at\/#website"},"datePublished":"2020-09-02T07:53:36+00:00","dateModified":"2020-12-11T11:02:11+00:00","breadcrumb":{"@id":"https:\/\/gut-stein.at\/aberdeen-angus\/#breadcrumb"},"inLanguage":"fr-FR","potentialAction":[{"@type":"ReadAction","target":["https:\/\/gut-stein.at\/aberdeen-angus\/"]}]},{"@type":"BreadcrumbList","@id":"https:\/\/gut-stein.at\/aberdeen-angus\/#breadcrumb","itemListElement":[{"@type":"ListItem","position":1,"name":"Startseite","item":"https:\/\/gut-stein.at\/"},{"@type":"ListItem","position":2,"name":"Aberdeen Angus"}]},{"@type":"WebSite","@id":"https:\/\/gut-stein.at\/#website","url":"https:\/\/gut-stein.at\/","name":"Panorama Lodge \u201eGUT STEIN\u201c","description":"M\u00fchlbach am HOCHK\u00d6NIG","publisher":{"@id":"https:\/\/gut-stein.at\/#organization"},"potentialAction":[{"@type":"SearchAction","target":{"@type":"EntryPoint","urlTemplate":"https:\/\/gut-stein.at\/?s={search_term_string}"},"query-input":{"@type":"PropertyValueSpecification","valueRequired":true,"valueName":"search_term_string"}}],"inLanguage":"fr-FR"},{"@type":"Organization","@id":"https:\/\/gut-stein.at\/#organization","name":"Gut Stein Panoramalodge M\u00fchlbach","url":"https:\/\/gut-stein.at\/","logo":{"@type":"ImageObject","inLanguage":"fr-FR","@id":"https:\/\/gut-stein.at\/#\/schema\/logo\/image\/","url":"https:\/\/gut-stein.at\/wp-content\/uploads\/gut_stein_logo.png","contentUrl":"https:\/\/gut-stein.at\/wp-content\/uploads\/gut_stein_logo.png","width":232,"height":100,"caption":"Gut Stein Panoramalodge M\u00fchlbach"},"image":{"@id":"https:\/\/gut-stein.at\/#\/schema\/logo\/image\/"},"sameAs":["https:\/\/www.facebook.com\/Gut-Stein-Panorama-Lodge-M\u00fchlbach-am-Hochk\u00f6nig-100731335098566"]}]}},"_links":{"self":[{"href":"https:\/\/gut-stein.at\/fr\/wp-json\/wp\/v2\/pages\/2317","targetHints":{"allow":["GET"]}}],"collection":[{"href":"https:\/\/gut-stein.at\/fr\/wp-json\/wp\/v2\/pages"}],"about":[{"href":"https:\/\/gut-stein.at\/fr\/wp-json\/wp\/v2\/types\/page"}],"author":[{"embeddable":true,"href":"https:\/\/gut-stein.at\/fr\/wp-json\/wp\/v2\/users\/2"}],"replies":[{"embeddable":true,"href":"https:\/\/gut-stein.at\/fr\/wp-json\/wp\/v2\/comments?post=2317"}],"version-history":[{"count":0,"href":"https:\/\/gut-stein.at\/fr\/wp-json\/wp\/v2\/pages\/2317\/revisions"}],"wp:attachment":[{"href":"https:\/\/gut-stein.at\/fr\/wp-json\/wp\/v2\/media?parent=2317"}],"curies":[{"name":"wp","href":"https:\/\/api.w.org\/{rel}","templated":true}]}}