{"id":2336,"date":"2020-09-02T10:31:04","date_gmt":"2020-09-02T08:31:04","guid":{"rendered":"https:\/\/gut-stein.at\/?page_id=2336"},"modified":"2020-09-02T10:31:06","modified_gmt":"2020-09-02T08:31:06","slug":"gut-stein","status":"publish","type":"page","link":"https:\/\/gut-stein.at\/fr\/gut-stein\/","title":{"rendered":"Gut Stein"},"content":{"rendered":"\n<p>Das Gut Stein liegt auf 1100m Seeh\u00f6he, s\u00fcdseitig oberhalb vom Ort M\u00fchlbach am Hochk\u00f6nig umgeben von den weitl\u00e4ufigen Wiesen meines Bauernhofes.\u00a0<\/p>\n<p>Neben unserem Bauernhof haben wir f\u00fcr G\u00e4ste eine Panorama Lodge gebaut.\u00a0<\/p>\n<p>Direkt vom Bauernhof erh\u00e4ltlich ist feinstes Fleisch vom Aberdeen Angus.<\/p>\n<p>Das Aberdeen Angus Rind, dass urspr\u00fcnglich aus Schottland kommt, ist weltbekannt f\u00fcr hervorragende Fleischqualit\u00e4t!<\/p>\n<p>Um die h\u00f6chste Qualit\u00e4t zu erreichen, ben\u00f6tigen die Tiere viel Zeit und Ruhe zum Aufwachsen die ich ihnen auf meinen Hof bieten kann.<\/p>\n<p>Die Herde lebt den ganzen Sommer \u00fcber auf der eigenen Weide wo sie sich \u00fcber das saftige Gr\u00fcn, bestes Quellwasser und nat\u00fcrlich viel Auslauf freuen. Zur kalten Jahreszeit ziehen die Tiere gerne in ihren modernen Laufstall ein, wo sie ausschlie\u00dflich mit Heu aus der eigen Ernte gef\u00fcttert werden.<\/p>\n<p>Die K\u00e4lber k\u00f6nnen das ganze Jahr \u00fcber, ob auf der Weide oder im Stall zu ihrer Mutter um Milch zu trinken oder auch nur f\u00fcr eine kleine Kuscheleinheit.<\/p>\n<p>\u00a0<\/p>\n","protected":false},"excerpt":{"rendered":"<p>Das Gut Stein liegt auf 1100m Seeh\u00f6he, s\u00fcdseitig oberhalb vom Ort M\u00fchlbach am Hochk\u00f6nig umgeben von den weitl\u00e4ufigen Wiesen meines Bauernhofes.\u00a0 Neben unserem Bauernhof haben wir f\u00fcr G\u00e4ste eine Panorama Lodge gebaut.\u00a0 Direkt vom Bauernhof erh\u00e4ltlich ist feinstes Fleisch vom Aberdeen Angus. Das Aberdeen Angus Rind, dass urspr\u00fcnglich aus Schottland kommt, ist weltbekannt f\u00fcr hervorragende <a href=\"https:\/\/gut-stein.at\/fr\/gut-stein\/\"> [&#8230;]<\/a><\/p>\n","protected":false},"author":2,"featured_media":0,"parent":0,"menu_order":0,"comment_status":"closed","ping_status":"closed","template":"","meta":{"footnotes":""},"class_list":["post-2336","page","type-page","status-publish","hentry"],"yoast_head":"<!-- This site is optimized with the Yoast SEO plugin v27.5 - https:\/\/yoast.com\/product\/yoast-seo-wordpress\/ -->\n<title>Gut Stein - Panorama Lodge \u201eGUT STEIN\u201c<\/title>\n<meta name=\"robots\" content=\"index, follow, max-snippet:-1, max-image-preview:large, max-video-preview:-1\" \/>\n<link rel=\"canonical\" href=\"https:\/\/gut-stein.at\/fr\/gut-stein\/\" \/>\n<meta property=\"og:locale\" content=\"fr_FR\" \/>\n<meta property=\"og:locale:alternate\" content=\"en_US\" \/>\n<meta property=\"og:locale:alternate\" content=\"cs_CZ\" \/>\n<meta property=\"og:locale:alternate\" content=\"de_DE\" \/>\n<meta property=\"og:locale:alternate\" content=\"hu_HU\" \/>\n<meta property=\"og:locale:alternate\" content=\"it_IT\" \/>\n<meta property=\"og:locale:alternate\" content=\"nl_NL\" \/>\n<meta property=\"og:type\" content=\"article\" \/>\n<meta property=\"og:title\" content=\"Gut Stein - Panorama Lodge \u201eGUT STEIN\u201c\" \/>\n<meta property=\"og:description\" content=\"Das Gut Stein liegt auf 1100m Seeh\u00f6he, s\u00fcdseitig oberhalb vom Ort M\u00fchlbach am Hochk\u00f6nig umgeben von den weitl\u00e4ufigen Wiesen meines Bauernhofes.\u00a0 Neben unserem Bauernhof haben wir f\u00fcr G\u00e4ste eine Panorama Lodge gebaut.\u00a0 Direkt vom Bauernhof erh\u00e4ltlich ist feinstes Fleisch vom Aberdeen Angus. Das Aberdeen Angus Rind, dass urspr\u00fcnglich aus Schottland kommt, ist weltbekannt f\u00fcr hervorragende [...]\" \/>\n<meta property=\"og:url\" content=\"https:\/\/gut-stein.at\/fr\/gut-stein\/\" \/>\n<meta property=\"og:site_name\" content=\"Panorama Lodge \u201eGUT STEIN\u201c\" \/>\n<meta property=\"article:publisher\" content=\"https:\/\/www.facebook.com\/Gut-Stein-Panorama-Lodge-M%c3%bchlbach-am-Hochk%c3%b6nig-100731335098566\" \/>\n<meta property=\"article:modified_time\" content=\"2020-09-02T08:31:06+00:00\" \/>\n<meta name=\"twitter:card\" content=\"summary_large_image\" \/>\n<meta name=\"twitter:label1\" content=\"Dur\u00e9e de lecture estim\u00e9e\" \/>\n\t<meta name=\"twitter:data1\" content=\"1 minute\" \/>\n<script type=\"application\/ld+json\" class=\"yoast-schema-graph\">{\"@context\":\"https:\\\/\\\/schema.org\",\"@graph\":[{\"@type\":\"WebPage\",\"@id\":\"https:\\\/\\\/gut-stein.at\\\/gut-stein\\\/\",\"url\":\"https:\\\/\\\/gut-stein.at\\\/gut-stein\\\/\",\"name\":\"Gut Stein - Panorama Lodge \u201eGUT STEIN\u201c\",\"isPartOf\":{\"@id\":\"https:\\\/\\\/gut-stein.at\\\/#website\"},\"datePublished\":\"2020-09-02T08:31:04+00:00\",\"dateModified\":\"2020-09-02T08:31:06+00:00\",\"breadcrumb\":{\"@id\":\"https:\\\/\\\/gut-stein.at\\\/gut-stein\\\/#breadcrumb\"},\"inLanguage\":\"fr-FR\",\"potentialAction\":[{\"@type\":\"ReadAction\",\"target\":[\"https:\\\/\\\/gut-stein.at\\\/gut-stein\\\/\"]}]},{\"@type\":\"BreadcrumbList\",\"@id\":\"https:\\\/\\\/gut-stein.at\\\/gut-stein\\\/#breadcrumb\",\"itemListElement\":[{\"@type\":\"ListItem\",\"position\":1,\"name\":\"Startseite\",\"item\":\"https:\\\/\\\/gut-stein.at\\\/\"},{\"@type\":\"ListItem\",\"position\":2,\"name\":\"Gut Stein\"}]},{\"@type\":\"WebSite\",\"@id\":\"https:\\\/\\\/gut-stein.at\\\/#website\",\"url\":\"https:\\\/\\\/gut-stein.at\\\/\",\"name\":\"Panorama Lodge \u201eGUT STEIN\u201c\",\"description\":\"M\u00fchlbach am HOCHK\u00d6NIG\",\"publisher\":{\"@id\":\"https:\\\/\\\/gut-stein.at\\\/#organization\"},\"potentialAction\":[{\"@type\":\"SearchAction\",\"target\":{\"@type\":\"EntryPoint\",\"urlTemplate\":\"https:\\\/\\\/gut-stein.at\\\/?s={search_term_string}\"},\"query-input\":{\"@type\":\"PropertyValueSpecification\",\"valueRequired\":true,\"valueName\":\"search_term_string\"}}],\"inLanguage\":\"fr-FR\"},{\"@type\":\"Organization\",\"@id\":\"https:\\\/\\\/gut-stein.at\\\/#organization\",\"name\":\"Gut Stein Panoramalodge M\u00fchlbach\",\"url\":\"https:\\\/\\\/gut-stein.at\\\/\",\"logo\":{\"@type\":\"ImageObject\",\"inLanguage\":\"fr-FR\",\"@id\":\"https:\\\/\\\/gut-stein.at\\\/#\\\/schema\\\/logo\\\/image\\\/\",\"url\":\"https:\\\/\\\/gut-stein.at\\\/wp-content\\\/uploads\\\/gut_stein_logo.png\",\"contentUrl\":\"https:\\\/\\\/gut-stein.at\\\/wp-content\\\/uploads\\\/gut_stein_logo.png\",\"width\":232,\"height\":100,\"caption\":\"Gut Stein Panoramalodge M\u00fchlbach\"},\"image\":{\"@id\":\"https:\\\/\\\/gut-stein.at\\\/#\\\/schema\\\/logo\\\/image\\\/\"},\"sameAs\":[\"https:\\\/\\\/www.facebook.com\\\/Gut-Stein-Panorama-Lodge-M\u00fchlbach-am-Hochk\u00f6nig-100731335098566\"]}]}<\/script>\n<!-- \/ Yoast SEO plugin. -->","yoast_head_json":{"title":"Gut Stein - Panorama Lodge \u201eGUT STEIN\u201c","robots":{"index":"index","follow":"follow","max-snippet":"max-snippet:-1","max-image-preview":"max-image-preview:large","max-video-preview":"max-video-preview:-1"},"canonical":"https:\/\/gut-stein.at\/fr\/gut-stein\/","og_locale":"fr_FR","og_type":"article","og_title":"Gut Stein - Panorama Lodge \u201eGUT STEIN\u201c","og_description":"Das Gut Stein liegt auf 1100m Seeh\u00f6he, s\u00fcdseitig oberhalb vom Ort M\u00fchlbach am Hochk\u00f6nig umgeben von den weitl\u00e4ufigen Wiesen meines Bauernhofes.\u00a0 Neben unserem Bauernhof haben wir f\u00fcr G\u00e4ste eine Panorama Lodge gebaut.\u00a0 Direkt vom Bauernhof erh\u00e4ltlich ist feinstes Fleisch vom Aberdeen Angus. Das Aberdeen Angus Rind, dass urspr\u00fcnglich aus Schottland kommt, ist weltbekannt f\u00fcr hervorragende [...]","og_url":"https:\/\/gut-stein.at\/fr\/gut-stein\/","og_site_name":"Panorama Lodge \u201eGUT STEIN\u201c","article_publisher":"https:\/\/www.facebook.com\/Gut-Stein-Panorama-Lodge-M%c3%bchlbach-am-Hochk%c3%b6nig-100731335098566","article_modified_time":"2020-09-02T08:31:06+00:00","twitter_card":"summary_large_image","twitter_misc":{"Dur\u00e9e de lecture estim\u00e9e":"1 minute"},"schema":{"@context":"https:\/\/schema.org","@graph":[{"@type":"WebPage","@id":"https:\/\/gut-stein.at\/gut-stein\/","url":"https:\/\/gut-stein.at\/gut-stein\/","name":"Gut Stein - Panorama Lodge \u201eGUT STEIN\u201c","isPartOf":{"@id":"https:\/\/gut-stein.at\/#website"},"datePublished":"2020-09-02T08:31:04+00:00","dateModified":"2020-09-02T08:31:06+00:00","breadcrumb":{"@id":"https:\/\/gut-stein.at\/gut-stein\/#breadcrumb"},"inLanguage":"fr-FR","potentialAction":[{"@type":"ReadAction","target":["https:\/\/gut-stein.at\/gut-stein\/"]}]},{"@type":"BreadcrumbList","@id":"https:\/\/gut-stein.at\/gut-stein\/#breadcrumb","itemListElement":[{"@type":"ListItem","position":1,"name":"Startseite","item":"https:\/\/gut-stein.at\/"},{"@type":"ListItem","position":2,"name":"Gut Stein"}]},{"@type":"WebSite","@id":"https:\/\/gut-stein.at\/#website","url":"https:\/\/gut-stein.at\/","name":"Panorama Lodge \u201eGUT STEIN\u201c","description":"M\u00fchlbach am HOCHK\u00d6NIG","publisher":{"@id":"https:\/\/gut-stein.at\/#organization"},"potentialAction":[{"@type":"SearchAction","target":{"@type":"EntryPoint","urlTemplate":"https:\/\/gut-stein.at\/?s={search_term_string}"},"query-input":{"@type":"PropertyValueSpecification","valueRequired":true,"valueName":"search_term_string"}}],"inLanguage":"fr-FR"},{"@type":"Organization","@id":"https:\/\/gut-stein.at\/#organization","name":"Gut Stein Panoramalodge M\u00fchlbach","url":"https:\/\/gut-stein.at\/","logo":{"@type":"ImageObject","inLanguage":"fr-FR","@id":"https:\/\/gut-stein.at\/#\/schema\/logo\/image\/","url":"https:\/\/gut-stein.at\/wp-content\/uploads\/gut_stein_logo.png","contentUrl":"https:\/\/gut-stein.at\/wp-content\/uploads\/gut_stein_logo.png","width":232,"height":100,"caption":"Gut Stein Panoramalodge M\u00fchlbach"},"image":{"@id":"https:\/\/gut-stein.at\/#\/schema\/logo\/image\/"},"sameAs":["https:\/\/www.facebook.com\/Gut-Stein-Panorama-Lodge-M\u00fchlbach-am-Hochk\u00f6nig-100731335098566"]}]}},"_links":{"self":[{"href":"https:\/\/gut-stein.at\/fr\/wp-json\/wp\/v2\/pages\/2336","targetHints":{"allow":["GET"]}}],"collection":[{"href":"https:\/\/gut-stein.at\/fr\/wp-json\/wp\/v2\/pages"}],"about":[{"href":"https:\/\/gut-stein.at\/fr\/wp-json\/wp\/v2\/types\/page"}],"author":[{"embeddable":true,"href":"https:\/\/gut-stein.at\/fr\/wp-json\/wp\/v2\/users\/2"}],"replies":[{"embeddable":true,"href":"https:\/\/gut-stein.at\/fr\/wp-json\/wp\/v2\/comments?post=2336"}],"version-history":[{"count":0,"href":"https:\/\/gut-stein.at\/fr\/wp-json\/wp\/v2\/pages\/2336\/revisions"}],"wp:attachment":[{"href":"https:\/\/gut-stein.at\/fr\/wp-json\/wp\/v2\/media?parent=2336"}],"curies":[{"name":"wp","href":"https:\/\/api.w.org\/{rel}","templated":true}]}}