{"id":1698,"date":"2020-07-08T11:07:53","date_gmt":"2020-07-08T09:07:53","guid":{"rendered":"https:\/\/unterleegut-ferienwohnungen.at\/?page_id=1698"},"modified":"2021-08-11T07:22:28","modified_gmt":"2021-08-11T05:22:28","slug":"impressum-panorama-lodge-gut-stein","status":"publish","type":"page","link":"https:\/\/gut-stein.at\/hu\/impressum-panorama-lodge-gut-stein\/","title":{"rendered":"Impressum"},"content":{"rendered":"\n<h1 class=\"wp-block-heading\">Gut Stein Panoramalodge M\u00fchlbach am Hochk\u00f6nig<br>Salzburg \u2013 \u00d6sterreich<\/h1>\n\n\n\n<p>Patrick Reitinger<\/p>\n\n\n\n<p>Nr. 43<br>5505 M\u00fchlbach am Hochk\u00f6nig<br>\u00d6sterreich<\/p>\n\n\n\n<p>Mail: <a href=\"mailto:urlaub@gut-stein.at\">urlaub@gut-stein.at<\/a><\/p>\n\n\n\n<p>Telefon: <a href=\"tel:+436502506192\">+43 650 2506192<\/a><\/p>\n\n\n\n<p>Fotos Copyright:<\/p>\n\n\n\n<p>Hochk\u00f6nig Tourismus GmbH<br>Am Gemeindeplatz 7 \/ 5761 Maria Alm, \u00d6sterreich<br>++++++++++++++++++++++++++<\/p>\n\n\n\n<p>Patrick Reitinger<\/p>\n\n\n\n<p>++++++++++++++++++++++++++<\/p>\n\n\n\n<p><a href=\"https:\/\/ynet.at\/\" target=\"_blank\" aria-label=\"undefined (opens in a new tab)\" rel=\"noreferrer noopener\">ynet.at<\/a> \/\/ marketing &#8211; werbung &#8211; internet<\/p>\n\n\n\n<p><\/p>\n\n\n","protected":false},"excerpt":{"rendered":"<p>Gut Stein Panoramalodge M\u00fchlbach am Hochk\u00f6nigSalzburg \u2013 \u00d6sterreich Patrick Reitinger Nr. 435505 M\u00fchlbach am Hochk\u00f6nig\u00d6sterreich Mail: urlaub@gut-stein.at Telefon: +43 650 2506192 Fotos Copyright: Hochk\u00f6nig Tourismus GmbHAm Gemeindeplatz 7 \/ 5761 Maria Alm, \u00d6sterreich++++++++++++++++++++++++++ Patrick Reitinger ++++++++++++++++++++++++++ ynet.at \/\/ marketing &#8211; werbung &#8211; internet<\/p>\n","protected":false},"author":2,"featured_media":0,"parent":0,"menu_order":0,"comment_status":"closed","ping_status":"closed","template":"","meta":{"footnotes":""},"class_list":["post-1698","page","type-page","status-publish","hentry"],"yoast_head":"<!-- This site is optimized with the Yoast SEO plugin v27.4 - https:\/\/yoast.com\/product\/yoast-seo-wordpress\/ -->\n<title>Impressum<\/title>\n<meta name=\"robots\" content=\"index, follow, max-snippet:-1, max-image-preview:large, max-video-preview:-1\" \/>\n<link rel=\"canonical\" href=\"https:\/\/gut-stein.at\/hu\/impressum-panorama-lodge-gut-stein\/\" \/>\n<meta property=\"og:locale\" content=\"hu_HU\" \/>\n<meta property=\"og:locale:alternate\" content=\"en_US\" \/>\n<meta property=\"og:locale:alternate\" content=\"cs_CZ\" \/>\n<meta property=\"og:locale:alternate\" content=\"de_DE\" \/>\n<meta property=\"og:locale:alternate\" content=\"fr_FR\" \/>\n<meta property=\"og:locale:alternate\" content=\"it_IT\" \/>\n<meta property=\"og:locale:alternate\" content=\"nl_NL\" \/>\n<meta property=\"og:type\" content=\"article\" \/>\n<meta property=\"og:title\" content=\"Impressum\" \/>\n<meta property=\"og:description\" content=\"Gut Stein Panoramalodge M\u00fchlbach am Hochk\u00f6nigSalzburg \u2013 \u00d6sterreich Patrick Reitinger Nr. 435505 M\u00fchlbach am Hochk\u00f6nig\u00d6sterreich Mail: urlaub@gut-stein.at Telefon: +43 650 2506192 Fotos Copyright: Hochk\u00f6nig Tourismus GmbHAm Gemeindeplatz 7 \/ 5761 Maria Alm, \u00d6sterreich++++++++++++++++++++++++++ Patrick Reitinger ++++++++++++++++++++++++++ ynet.at \/\/ marketing &#8211; werbung &#8211; internet\" \/>\n<meta property=\"og:url\" content=\"https:\/\/gut-stein.at\/hu\/impressum-panorama-lodge-gut-stein\/\" \/>\n<meta property=\"og:site_name\" content=\"Panorama Lodge \u201eGUT STEIN\u201c\" \/>\n<meta property=\"article:publisher\" content=\"https:\/\/www.facebook.com\/Gut-Stein-Panorama-Lodge-M%c3%bchlbach-am-Hochk%c3%b6nig-100731335098566\" \/>\n<meta property=\"article:modified_time\" content=\"2021-08-11T05:22:28+00:00\" \/>\n<meta name=\"twitter:card\" content=\"summary_large_image\" \/>\n<meta name=\"twitter:label1\" content=\"Becs\u00fclt olvas\u00e1si id\u0151\" \/>\n\t<meta name=\"twitter:data1\" content=\"1 perc\" \/>\n<script type=\"application\/ld+json\" class=\"yoast-schema-graph\">{\"@context\":\"https:\\\/\\\/schema.org\",\"@graph\":[{\"@type\":\"WebPage\",\"@id\":\"https:\\\/\\\/gut-stein.at\\\/impressum-panorama-lodge-gut-stein\\\/\",\"url\":\"https:\\\/\\\/gut-stein.at\\\/impressum-panorama-lodge-gut-stein\\\/\",\"name\":\"Impressum\",\"isPartOf\":{\"@id\":\"https:\\\/\\\/gut-stein.at\\\/#website\"},\"datePublished\":\"2020-07-08T09:07:53+00:00\",\"dateModified\":\"2021-08-11T05:22:28+00:00\",\"breadcrumb\":{\"@id\":\"https:\\\/\\\/gut-stein.at\\\/impressum-panorama-lodge-gut-stein\\\/#breadcrumb\"},\"inLanguage\":\"hu-HU\",\"potentialAction\":[{\"@type\":\"ReadAction\",\"target\":[\"https:\\\/\\\/gut-stein.at\\\/impressum-panorama-lodge-gut-stein\\\/\"]}]},{\"@type\":\"BreadcrumbList\",\"@id\":\"https:\\\/\\\/gut-stein.at\\\/impressum-panorama-lodge-gut-stein\\\/#breadcrumb\",\"itemListElement\":[{\"@type\":\"ListItem\",\"position\":1,\"name\":\"Startseite\",\"item\":\"https:\\\/\\\/gut-stein.at\\\/\"},{\"@type\":\"ListItem\",\"position\":2,\"name\":\"Impressum\"}]},{\"@type\":\"WebSite\",\"@id\":\"https:\\\/\\\/gut-stein.at\\\/#website\",\"url\":\"https:\\\/\\\/gut-stein.at\\\/\",\"name\":\"Panorama Lodge \u201eGUT STEIN\u201c\",\"description\":\"M\u00fchlbach am HOCHK\u00d6NIG\",\"publisher\":{\"@id\":\"https:\\\/\\\/gut-stein.at\\\/#organization\"},\"potentialAction\":[{\"@type\":\"SearchAction\",\"target\":{\"@type\":\"EntryPoint\",\"urlTemplate\":\"https:\\\/\\\/gut-stein.at\\\/?s={search_term_string}\"},\"query-input\":{\"@type\":\"PropertyValueSpecification\",\"valueRequired\":true,\"valueName\":\"search_term_string\"}}],\"inLanguage\":\"hu-HU\"},{\"@type\":\"Organization\",\"@id\":\"https:\\\/\\\/gut-stein.at\\\/#organization\",\"name\":\"Gut Stein Panoramalodge M\u00fchlbach\",\"url\":\"https:\\\/\\\/gut-stein.at\\\/\",\"logo\":{\"@type\":\"ImageObject\",\"inLanguage\":\"hu-HU\",\"@id\":\"https:\\\/\\\/gut-stein.at\\\/#\\\/schema\\\/logo\\\/image\\\/\",\"url\":\"https:\\\/\\\/gut-stein.at\\\/wp-content\\\/uploads\\\/gut_stein_logo.png\",\"contentUrl\":\"https:\\\/\\\/gut-stein.at\\\/wp-content\\\/uploads\\\/gut_stein_logo.png\",\"width\":232,\"height\":100,\"caption\":\"Gut Stein Panoramalodge M\u00fchlbach\"},\"image\":{\"@id\":\"https:\\\/\\\/gut-stein.at\\\/#\\\/schema\\\/logo\\\/image\\\/\"},\"sameAs\":[\"https:\\\/\\\/www.facebook.com\\\/Gut-Stein-Panorama-Lodge-M\u00fchlbach-am-Hochk\u00f6nig-100731335098566\"]}]}<\/script>\n<!-- \/ Yoast SEO plugin. -->","yoast_head_json":{"title":"Impressum","robots":{"index":"index","follow":"follow","max-snippet":"max-snippet:-1","max-image-preview":"max-image-preview:large","max-video-preview":"max-video-preview:-1"},"canonical":"https:\/\/gut-stein.at\/hu\/impressum-panorama-lodge-gut-stein\/","og_locale":"hu_HU","og_type":"article","og_title":"[:de]Impressum[:] - Panorama Lodge \u201eGUT STEIN\u201c","og_description":"Gut Stein Panoramalodge M\u00fchlbach am Hochk\u00f6nigSalzburg \u2013 \u00d6sterreich Patrick Reitinger Nr. 435505 M\u00fchlbach am Hochk\u00f6nig\u00d6sterreich Mail: urlaub@gut-stein.at Telefon: +43 650 2506192 Fotos Copyright: Hochk\u00f6nig Tourismus GmbHAm Gemeindeplatz 7 \/ 5761 Maria Alm, \u00d6sterreich++++++++++++++++++++++++++ Patrick Reitinger ++++++++++++++++++++++++++ ynet.at \/\/ marketing &#8211; werbung &#8211; internet","og_url":"https:\/\/gut-stein.at\/hu\/impressum-panorama-lodge-gut-stein\/","og_site_name":"Panorama Lodge \u201eGUT STEIN\u201c","article_publisher":"https:\/\/www.facebook.com\/Gut-Stein-Panorama-Lodge-M%c3%bchlbach-am-Hochk%c3%b6nig-100731335098566","article_modified_time":"2021-08-11T05:22:28+00:00","twitter_card":"summary_large_image","twitter_misc":{"Becs\u00fclt olvas\u00e1si id\u0151":"1 perc"},"schema":{"@context":"https:\/\/schema.org","@graph":[{"@type":"WebPage","@id":"https:\/\/gut-stein.at\/impressum-panorama-lodge-gut-stein\/","url":"https:\/\/gut-stein.at\/impressum-panorama-lodge-gut-stein\/","name":"Impressum","isPartOf":{"@id":"https:\/\/gut-stein.at\/#website"},"datePublished":"2020-07-08T09:07:53+00:00","dateModified":"2021-08-11T05:22:28+00:00","breadcrumb":{"@id":"https:\/\/gut-stein.at\/impressum-panorama-lodge-gut-stein\/#breadcrumb"},"inLanguage":"hu-HU","potentialAction":[{"@type":"ReadAction","target":["https:\/\/gut-stein.at\/impressum-panorama-lodge-gut-stein\/"]}]},{"@type":"BreadcrumbList","@id":"https:\/\/gut-stein.at\/impressum-panorama-lodge-gut-stein\/#breadcrumb","itemListElement":[{"@type":"ListItem","position":1,"name":"Startseite","item":"https:\/\/gut-stein.at\/"},{"@type":"ListItem","position":2,"name":"Impressum"}]},{"@type":"WebSite","@id":"https:\/\/gut-stein.at\/#website","url":"https:\/\/gut-stein.at\/","name":"Panorama Lodge \u201eGUT STEIN\u201c","description":"M\u00fchlbach am HOCHK\u00d6NIG","publisher":{"@id":"https:\/\/gut-stein.at\/#organization"},"potentialAction":[{"@type":"SearchAction","target":{"@type":"EntryPoint","urlTemplate":"https:\/\/gut-stein.at\/?s={search_term_string}"},"query-input":{"@type":"PropertyValueSpecification","valueRequired":true,"valueName":"search_term_string"}}],"inLanguage":"hu-HU"},{"@type":"Organization","@id":"https:\/\/gut-stein.at\/#organization","name":"Gut Stein Panoramalodge M\u00fchlbach","url":"https:\/\/gut-stein.at\/","logo":{"@type":"ImageObject","inLanguage":"hu-HU","@id":"https:\/\/gut-stein.at\/#\/schema\/logo\/image\/","url":"https:\/\/gut-stein.at\/wp-content\/uploads\/gut_stein_logo.png","contentUrl":"https:\/\/gut-stein.at\/wp-content\/uploads\/gut_stein_logo.png","width":232,"height":100,"caption":"Gut Stein Panoramalodge M\u00fchlbach"},"image":{"@id":"https:\/\/gut-stein.at\/#\/schema\/logo\/image\/"},"sameAs":["https:\/\/www.facebook.com\/Gut-Stein-Panorama-Lodge-M\u00fchlbach-am-Hochk\u00f6nig-100731335098566"]}]}},"_links":{"self":[{"href":"https:\/\/gut-stein.at\/hu\/wp-json\/wp\/v2\/pages\/1698","targetHints":{"allow":["GET"]}}],"collection":[{"href":"https:\/\/gut-stein.at\/hu\/wp-json\/wp\/v2\/pages"}],"about":[{"href":"https:\/\/gut-stein.at\/hu\/wp-json\/wp\/v2\/types\/page"}],"author":[{"embeddable":true,"href":"https:\/\/gut-stein.at\/hu\/wp-json\/wp\/v2\/users\/2"}],"replies":[{"embeddable":true,"href":"https:\/\/gut-stein.at\/hu\/wp-json\/wp\/v2\/comments?post=1698"}],"version-history":[{"count":2,"href":"https:\/\/gut-stein.at\/hu\/wp-json\/wp\/v2\/pages\/1698\/revisions"}],"predecessor-version":[{"id":2482,"href":"https:\/\/gut-stein.at\/hu\/wp-json\/wp\/v2\/pages\/1698\/revisions\/2482"}],"wp:attachment":[{"href":"https:\/\/gut-stein.at\/hu\/wp-json\/wp\/v2\/media?parent=1698"}],"curies":[{"name":"wp","href":"https:\/\/api.w.org\/{rel}","templated":true}]}}