{"id":1044,"date":"2017-07-11T18:54:12","date_gmt":"2017-07-11T16:54:12","guid":{"rendered":"https:\/\/unterleegut-ferienwohnungen.at\/?page_id=1044"},"modified":"2024-09-18T07:02:50","modified_gmt":"2024-09-18T05:02:50","slug":"muehlbach","status":"publish","type":"page","link":"https:\/\/gut-stein.at\/it\/muehlbach\/","title":{"rendered":"M\u00fchlbach"},"content":{"rendered":"<div class=\"fusion-fullwidth fullwidth-box fusion-builder-row-1 fusion-flex-container has-pattern-background has-mask-background nonhundred-percent-fullwidth non-hundred-percent-height-scrolling\" style=\"--awb-border-radius-top-left:0px;--awb-border-radius-top-right:0px;--awb-border-radius-bottom-right:0px;--awb-border-radius-bottom-left:0px;--awb-flex-wrap:wrap;\" ><div class=\"fusion-builder-row fusion-row fusion-flex-align-items-flex-start fusion-flex-content-wrap\" style=\"max-width:1144px;margin-left: calc(-4% \/ 2 );margin-right: calc(-4% \/ 2 );\"><div class=\"fusion-layout-column fusion_builder_column fusion-builder-column-0 fusion_builder_column_1_1 1_1 fusion-flex-column\" style=\"--awb-bg-size:cover;--awb-width-large:100%;--awb-margin-top-large:0px;--awb-spacing-right-large:1.92%;--awb-spacing-left-large:1.92%;--awb-width-medium:100%;--awb-order-medium:0;--awb-spacing-right-medium:1.92%;--awb-spacing-left-medium:1.92%;--awb-width-small:100%;--awb-order-small:0;--awb-spacing-right-small:1.92%;--awb-spacing-left-small:1.92%;\"><div class=\"fusion-column-wrapper fusion-column-has-shadow fusion-flex-justify-content-flex-start fusion-content-layout-column\"><div class=\"fusion-video fusion-selfhosted-video\" style=\"max-width:100%;\"><div class=\"video-wrapper\"><video playsinline=\"true\" width=\"100%\" style=\"object-fit: cover;\" autoplay=\"true\" muted=\"true\" loop=\"true\" preload=\"auto\" controls=\"1\"><source src=\"https:\/\/gut-stein.at\/wp-content\/uploads\/Sommerfilm-Muehlbach-am-Hochkoenig-1080p.mp4\" type=\"video\/mp4\">Sorry, your browser doesn&#039;t support embedded videos.<\/video><\/div><\/div><div class=\"fusion-text fusion-text-1\"><h1 class=\"art_headline accord fusion-responsive-typography-calculated\" data-fontsize=\"34\" data-lineheight=\"47.6px\">M\u00fchlbach am Hochk\u00f6nig \u2013 Urlaubsort und Naturjuwel in den Bergen<\/h1>\n<div class=\"art_inner\">Das Bergdorf M\u00fchlbach am Hochk\u00f6nig ist umringt von den bizarren Felsen der Mandlw\u00e4nde, des Hochk\u00f6nigs, den gr\u00fcnen Almen, saftigen Wiesen und idyllischen W\u00e4ldern. Schon vor 4.000 Jahren sch\u00fcrften die Illyrer hier am Mitterberg nach Kupfererz. Das Gebiet war bis 1977 vom Kupferbergbau gepr\u00e4gt. Heute kommen die G\u00e4ste hierher, um die idyllische Natur, die sch\u00f6nen Wanderwege, die urigen H\u00fctten, die bestens pr\u00e4parierten Skipisten und die traumhaften Aussichten zu geniessen. Ein Paradies f\u00fcr Wanderer, Biker, Skifahrer und Familien.<br \/>\nM\u00fchlbach ist ein Juwel, das seine G\u00e4ste mit zahlreichen Natursch\u00e4tzen beschenkt.<\/div>\n<div class=\"art_inner\">\n<div class=\"art_element art_texti cols_twelve spl spr closed \">\n<h1 class=\"art_headline accord fusion-responsive-typography-calculated\" data-fontsize=\"34\" data-lineheight=\"47.6px\">\u2026fliegende F\u00fcchse und andere Tiere<\/h1>\n<div class=\"art_inner\">Der Sommer sorgt ebenfalls f\u00fcr Hochgef\u00fchle. Er bringt Wiesen und W\u00e4lder zum Bl\u00fchen und schickt Wanderer, Kletterer und Radfahrer auf Entdeckungsreise in die freie Natur. M\u00fchlbach ist Ausgangspunkt zur ersten Geotour Europas \u2013 dem Highking Code. Die Freiheit des Fliegens kann man im Flying Fox Park ausprobieren. Dabei fliegt man rasant von Baum zu Baum. Fliegende F\u00fcchse findet man zwar nicht im Bergdorf der Tiere, daf\u00fcr aber zahlreiche Erlebnisbauernh\u00f6fe und Streichelzoos mit vierbeinigen und gefiederten Freunden.<\/div>\n<\/div>\n<div class=\"art_inner\">\n<div class=\"art_element art_texti cols_six spl spr closed \">\n<h1 class=\"art_headline title3 accord fusion-responsive-typography-calculated\" data-fontsize=\"34\" data-lineheight=\"47.6px\">Highlights im Winter<\/h1>\n<div class=\"art_inner\">\n<ul>\n<li>Idealer Einstieg in die Skiregion Hochk\u00f6nig<\/li>\n<li>Ausgangspunkt der K\u00f6nigstour<\/li>\n<li>Blue Tomato Kingspark mit 1,8 km L\u00e4nge<\/li>\n<li>Early Morning Skiing<\/li>\n<li>Seperates Familienskigebiet Hochkeil<\/li>\n<li>Livingroom Snowpark Hochkeil mit vielseitigem Sportangebot<\/li>\n<li>Skitourenlehrpfad und Schneeschuhpfad<\/li>\n<li>Langlaufloipen<\/li>\n<\/ul>\n<div class=\"art_element art_texti cols_six spl spr closed \">\n<h1 class=\"art_headline title3 accord fusion-responsive-typography-calculated\" data-fontsize=\"34\" data-lineheight=\"47.6px\">Highlights im Sommer<\/h1>\n<div class=\"art_inner\">\n<ul>\n<li>Bergdorf der Tiere<\/li>\n<li>Toni\u2019s Almspielplatz mit Family Trail und Mountaincarts<\/li>\n<li>Bogenparcours<\/li>\n<li>Slackline Park<\/li>\n<li>Geocaching mit Ausgangspunkt Highking Code<\/li>\n<li>Bergbaumuseum mit Schaustollen<\/li>\n<\/ul>\n<div class=\"art_element art_texti rand cols_twelve spl spr closed \">\n<h1 class=\"art_headline accord fusion-responsive-typography-calculated\" data-fontsize=\"34\" data-lineheight=\"47.6px\">Urlaubsort und Naturjuwel in den Bergen<\/h1>\n<div class=\"art_inner\">\n<p>Das Bergdorf M\u00fchlbach am Hochk\u00f6nig ist umringt von den bizarren Felsen der Mandlw\u00e4nde, des Hochk\u00f6nigs, den gr\u00fcnen Almen, saftigen Wiesen und idyllischen W\u00e4ldern. Schon vor 4.000 Jahren sch\u00fcrften die Illyrer hier am Mitterberg nach Kupfererz. Das Gebiet war bis 1977 vom Kupferbergbau gepr\u00e4gt. Heute kommen die G\u00e4ste hierher, um die idyllische Natur, die sch\u00f6nen Wanderwege, die urigen H\u00fctten, die bestens pr\u00e4parierten Skipisten und die traumhaften Aussichten zu geniessen. Ein Paradies f\u00fcr Wanderer, Biker, Skifahrer und Familien.<br \/>\nM\u00fchlbach ist ein Juwel, das seine G\u00e4ste mit zahlreichen Natursch\u00e4tzen beschenkt.<\/p>\n<div class=\"art_element art_texti cols_six spl spr closed \">\n<div class=\"art_inner\">In der Region Hochk\u00f6nig ist der Gast immer noch K\u00f6nig!<\/div>\n<\/div>\n<\/div>\n<\/div>\n<\/div>\n<\/div>\n<\/div>\n<\/div>\n<\/div>\n<\/div>\n<\/div><\/div><\/div><\/div><\/div>\n","protected":false},"excerpt":{"rendered":"","protected":false},"author":2,"featured_media":0,"parent":0,"menu_order":0,"comment_status":"closed","ping_status":"closed","template":"","meta":{"footnotes":""},"class_list":["post-1044","page","type-page","status-publish","hentry"],"yoast_head":"<!-- This site is optimized with the Yoast SEO plugin v27.3 - https:\/\/yoast.com\/product\/yoast-seo-wordpress\/ -->\n<title>M\u00fchlbach<\/title>\n<meta name=\"robots\" content=\"index, follow, max-snippet:-1, max-image-preview:large, max-video-preview:-1\" \/>\n<link rel=\"canonical\" href=\"https:\/\/gut-stein.at\/it\/muehlbach\/\" \/>\n<meta property=\"og:locale\" content=\"it_IT\" \/>\n<meta property=\"og:locale:alternate\" content=\"en_US\" \/>\n<meta property=\"og:locale:alternate\" content=\"cs_CZ\" \/>\n<meta property=\"og:locale:alternate\" content=\"de_DE\" \/>\n<meta property=\"og:locale:alternate\" content=\"fr_FR\" \/>\n<meta property=\"og:locale:alternate\" content=\"hu_HU\" \/>\n<meta property=\"og:locale:alternate\" content=\"nl_NL\" \/>\n<meta property=\"og:type\" content=\"article\" \/>\n<meta property=\"og:title\" content=\"M\u00fchlbach\" \/>\n<meta property=\"og:url\" content=\"https:\/\/gut-stein.at\/it\/muehlbach\/\" \/>\n<meta property=\"og:site_name\" content=\"Panorama Lodge \u201eGUT STEIN\u201c\" \/>\n<meta property=\"article:publisher\" content=\"https:\/\/www.facebook.com\/Gut-Stein-Panorama-Lodge-M%c3%bchlbach-am-Hochk%c3%b6nig-100731335098566\" \/>\n<meta property=\"article:modified_time\" content=\"2024-09-18T05:02:50+00:00\" \/>\n<meta name=\"twitter:card\" content=\"summary_large_image\" \/>\n<meta name=\"twitter:label1\" content=\"Tempo di lettura stimato\" \/>\n\t<meta name=\"twitter:data1\" content=\"2 minuti\" \/>\n<script type=\"application\/ld+json\" class=\"yoast-schema-graph\">{\"@context\":\"https:\\\/\\\/schema.org\",\"@graph\":[{\"@type\":\"WebPage\",\"@id\":\"https:\\\/\\\/gut-stein.at\\\/muehlbach\\\/\",\"url\":\"https:\\\/\\\/gut-stein.at\\\/muehlbach\\\/\",\"name\":\"M\u00fchlbach\",\"isPartOf\":{\"@id\":\"https:\\\/\\\/gut-stein.at\\\/#website\"},\"datePublished\":\"2017-07-11T16:54:12+00:00\",\"dateModified\":\"2024-09-18T05:02:50+00:00\",\"breadcrumb\":{\"@id\":\"https:\\\/\\\/gut-stein.at\\\/muehlbach\\\/#breadcrumb\"},\"inLanguage\":\"it-IT\",\"potentialAction\":[{\"@type\":\"ReadAction\",\"target\":[\"https:\\\/\\\/gut-stein.at\\\/muehlbach\\\/\"]}]},{\"@type\":\"BreadcrumbList\",\"@id\":\"https:\\\/\\\/gut-stein.at\\\/muehlbach\\\/#breadcrumb\",\"itemListElement\":[{\"@type\":\"ListItem\",\"position\":1,\"name\":\"Startseite\",\"item\":\"https:\\\/\\\/gut-stein.at\\\/\"},{\"@type\":\"ListItem\",\"position\":2,\"name\":\"M\u00fchlbach\"}]},{\"@type\":\"WebSite\",\"@id\":\"https:\\\/\\\/gut-stein.at\\\/#website\",\"url\":\"https:\\\/\\\/gut-stein.at\\\/\",\"name\":\"Panorama Lodge \u201eGUT STEIN\u201c\",\"description\":\"M\u00fchlbach am HOCHK\u00d6NIG\",\"publisher\":{\"@id\":\"https:\\\/\\\/gut-stein.at\\\/#organization\"},\"potentialAction\":[{\"@type\":\"SearchAction\",\"target\":{\"@type\":\"EntryPoint\",\"urlTemplate\":\"https:\\\/\\\/gut-stein.at\\\/?s={search_term_string}\"},\"query-input\":{\"@type\":\"PropertyValueSpecification\",\"valueRequired\":true,\"valueName\":\"search_term_string\"}}],\"inLanguage\":\"it-IT\"},{\"@type\":\"Organization\",\"@id\":\"https:\\\/\\\/gut-stein.at\\\/#organization\",\"name\":\"Gut Stein Panoramalodge M\u00fchlbach\",\"url\":\"https:\\\/\\\/gut-stein.at\\\/\",\"logo\":{\"@type\":\"ImageObject\",\"inLanguage\":\"it-IT\",\"@id\":\"https:\\\/\\\/gut-stein.at\\\/#\\\/schema\\\/logo\\\/image\\\/\",\"url\":\"https:\\\/\\\/gut-stein.at\\\/wp-content\\\/uploads\\\/gut_stein_logo.png\",\"contentUrl\":\"https:\\\/\\\/gut-stein.at\\\/wp-content\\\/uploads\\\/gut_stein_logo.png\",\"width\":232,\"height\":100,\"caption\":\"Gut Stein Panoramalodge M\u00fchlbach\"},\"image\":{\"@id\":\"https:\\\/\\\/gut-stein.at\\\/#\\\/schema\\\/logo\\\/image\\\/\"},\"sameAs\":[\"https:\\\/\\\/www.facebook.com\\\/Gut-Stein-Panorama-Lodge-M\u00fchlbach-am-Hochk\u00f6nig-100731335098566\"]}]}<\/script>\n<!-- \/ Yoast SEO plugin. -->","yoast_head_json":{"title":"M\u00fchlbach","robots":{"index":"index","follow":"follow","max-snippet":"max-snippet:-1","max-image-preview":"max-image-preview:large","max-video-preview":"max-video-preview:-1"},"canonical":"https:\/\/gut-stein.at\/it\/muehlbach\/","og_locale":"it_IT","og_type":"article","og_title":"[:de]M\u00fchlbach[:] - Panorama Lodge \u201eGUT STEIN\u201c","og_url":"https:\/\/gut-stein.at\/it\/muehlbach\/","og_site_name":"Panorama Lodge \u201eGUT STEIN\u201c","article_publisher":"https:\/\/www.facebook.com\/Gut-Stein-Panorama-Lodge-M%c3%bchlbach-am-Hochk%c3%b6nig-100731335098566","article_modified_time":"2024-09-18T05:02:50+00:00","twitter_card":"summary_large_image","twitter_misc":{"Tempo di lettura stimato":"2 minuti"},"schema":{"@context":"https:\/\/schema.org","@graph":[{"@type":"WebPage","@id":"https:\/\/gut-stein.at\/muehlbach\/","url":"https:\/\/gut-stein.at\/muehlbach\/","name":"M\u00fchlbach","isPartOf":{"@id":"https:\/\/gut-stein.at\/#website"},"datePublished":"2017-07-11T16:54:12+00:00","dateModified":"2024-09-18T05:02:50+00:00","breadcrumb":{"@id":"https:\/\/gut-stein.at\/muehlbach\/#breadcrumb"},"inLanguage":"it-IT","potentialAction":[{"@type":"ReadAction","target":["https:\/\/gut-stein.at\/muehlbach\/"]}]},{"@type":"BreadcrumbList","@id":"https:\/\/gut-stein.at\/muehlbach\/#breadcrumb","itemListElement":[{"@type":"ListItem","position":1,"name":"Startseite","item":"https:\/\/gut-stein.at\/"},{"@type":"ListItem","position":2,"name":"M\u00fchlbach"}]},{"@type":"WebSite","@id":"https:\/\/gut-stein.at\/#website","url":"https:\/\/gut-stein.at\/","name":"Panorama Lodge \u201eGUT STEIN\u201c","description":"M\u00fchlbach am HOCHK\u00d6NIG","publisher":{"@id":"https:\/\/gut-stein.at\/#organization"},"potentialAction":[{"@type":"SearchAction","target":{"@type":"EntryPoint","urlTemplate":"https:\/\/gut-stein.at\/?s={search_term_string}"},"query-input":{"@type":"PropertyValueSpecification","valueRequired":true,"valueName":"search_term_string"}}],"inLanguage":"it-IT"},{"@type":"Organization","@id":"https:\/\/gut-stein.at\/#organization","name":"Gut Stein Panoramalodge M\u00fchlbach","url":"https:\/\/gut-stein.at\/","logo":{"@type":"ImageObject","inLanguage":"it-IT","@id":"https:\/\/gut-stein.at\/#\/schema\/logo\/image\/","url":"https:\/\/gut-stein.at\/wp-content\/uploads\/gut_stein_logo.png","contentUrl":"https:\/\/gut-stein.at\/wp-content\/uploads\/gut_stein_logo.png","width":232,"height":100,"caption":"Gut Stein Panoramalodge M\u00fchlbach"},"image":{"@id":"https:\/\/gut-stein.at\/#\/schema\/logo\/image\/"},"sameAs":["https:\/\/www.facebook.com\/Gut-Stein-Panorama-Lodge-M\u00fchlbach-am-Hochk\u00f6nig-100731335098566"]}]}},"_links":{"self":[{"href":"https:\/\/gut-stein.at\/it\/wp-json\/wp\/v2\/pages\/1044","targetHints":{"allow":["GET"]}}],"collection":[{"href":"https:\/\/gut-stein.at\/it\/wp-json\/wp\/v2\/pages"}],"about":[{"href":"https:\/\/gut-stein.at\/it\/wp-json\/wp\/v2\/types\/page"}],"author":[{"embeddable":true,"href":"https:\/\/gut-stein.at\/it\/wp-json\/wp\/v2\/users\/2"}],"replies":[{"embeddable":true,"href":"https:\/\/gut-stein.at\/it\/wp-json\/wp\/v2\/comments?post=1044"}],"version-history":[{"count":19,"href":"https:\/\/gut-stein.at\/it\/wp-json\/wp\/v2\/pages\/1044\/revisions"}],"predecessor-version":[{"id":2893,"href":"https:\/\/gut-stein.at\/it\/wp-json\/wp\/v2\/pages\/1044\/revisions\/2893"}],"wp:attachment":[{"href":"https:\/\/gut-stein.at\/it\/wp-json\/wp\/v2\/media?parent=1044"}],"curies":[{"name":"wp","href":"https:\/\/api.w.org\/{rel}","templated":true}]}}