{"id":85,"date":"2015-10-02T13:41:28","date_gmt":"2015-10-02T11:41:28","guid":{"rendered":"https:\/\/unterleegut-ferienwohnungen.at\/?page_id=85"},"modified":"2021-08-10T18:19:46","modified_gmt":"2021-08-10T16:19:46","slug":"kontakt-anfahrt","status":"publish","type":"page","link":"https:\/\/gut-stein.at\/nl\/kontakt-anfahrt\/","title":{"rendered":"Kontakt &#038; Anfahrt"},"content":{"rendered":"<h1>Panoramalodge &#8220;Gut Stein&#8221;\u00a0 M\u00fchlbach am Hochk\u00f6nig<br \/>Salzburg &#8211; \u00d6sterreich<\/h1>\n<h2>Lage der Panoramalodge \u201eGut Stein\u201c M\u00fchlbach<\/h2>\n<p>Zarte Sonnenstrahlen bahnen sich morgens den Weg ins Schlafzimmer und kitzeln sanft an der Nase. Beim Blick aus dem Fenster begr\u00fc\u00dfen Sie geradezu magische Panoramaaussichten. Ein Aufenthalt im Luxus Chalet f\u00fchrt Sie mitten in die Bergwelt des Hochk\u00f6nigs mit unvergleichlichem Naturgenuss \u2013 perfekt f\u00fcr Familien und Aktivurlauber.<\/p>\n<p>Das Gut Stein liegt auf 1100m Seeh\u00f6he, s\u00fcdseitig oberhalb vom Ort M\u00fchlbach am Hochk\u00f6nig umgeben von weitl\u00e4ufigen Wiesen meines Bauernhofes. Die Bushaltestelle, gratis Schibus im Winter und kostenlosen Wanderbus im Sommer, ist in 700m Entfernung. In den Ort M\u00fchlbach mit Lebensmittelgesch\u00e4ft, B\u00e4ckerei, Post, Bankomat und Restaurants sind es 4 km. Zur Einstiegsstelle Hochk\u00f6nigs Winterreich sind es 5,3 km. Im Sommer starten sie direkt vor der Chalet T\u00fcr zu unvergesslichen Wanderungen und Radtouren.<\/p>\n<h2>Anreise:<\/h2>\n<p>M\u00fchlbach am Hochk\u00f6nig liegt im Bundesland Salzburg und ist ganz einfach mit dem Auto \u00fcber die A10 \u2013 Abfahrt Bischofshofen oder \u00fcber Lofer \u2013 Saalfelden \u2013 Maria Alm \u2013 Dienten \u2013 M\u00fchlbach, zu erreichen.<\/p>\n<p>Da Sie auf 1100m wohnen sind im Winter Schneeketten erforderlich!<\/p>\n<p>Sie k\u00f6nnen das Ferienhaus am Anreisetag ab 15 Uhr beziehen und bitten Sie das Chalet am Abreisetag bis 10 Uhr zu verlassen.<\/p>\n<p><strong>Patrick Reitinger<\/strong><br \/>Nr. 43<br \/>5505 M\u00fchlbach am Hochk\u00f6nig<br \/>Salzburg \/ \u00d6sterreich<\/p>\n<p>Mail: <a href=\"urlaub@gut-stein.at\">urlaub@gut-stein.at<\/a><\/p>\n<p>Telefon: <a href=\"tel:+436502506192\">+43 650 2506192<\/a><\/p>\n\n","protected":false},"excerpt":{"rendered":"<p>Panoramalodge &#8220;Gut Stein&#8221;\u00a0 M\u00fchlbach am Hochk\u00f6nigSalzburg &#8211; \u00d6sterreich Lage der Panoramalodge \u201eGut Stein\u201c M\u00fchlbach Zarte Sonnenstrahlen bahnen sich morgens den Weg ins Schlafzimmer und kitzeln sanft an der Nase. Beim Blick aus dem Fenster begr\u00fc\u00dfen Sie geradezu magische Panoramaaussichten. Ein Aufenthalt im Luxus Chalet f\u00fchrt Sie mitten in die Bergwelt des Hochk\u00f6nigs mit unvergleichlichem Naturgenuss <a href=\"https:\/\/gut-stein.at\/nl\/kontakt-anfahrt\/\"> [&#8230;]<\/a><\/p>\n","protected":false},"author":2,"featured_media":0,"parent":0,"menu_order":0,"comment_status":"closed","ping_status":"closed","template":"contact.php","meta":{"footnotes":""},"class_list":["post-85","page","type-page","status-publish","hentry"],"yoast_head":"<!-- This site is optimized with the Yoast SEO plugin v27.4 - https:\/\/yoast.com\/product\/yoast-seo-wordpress\/ -->\n<title>Nr. 43 5505 M\u00fchlbach am Hochk\u00f6nig \u00d6sterreich, Ferienwohnungen Gut Stein Panoramalodge M\u00fchlbach am Hochk\u00f6nig, Salzburg\/Austria<\/title>\n<meta name=\"description\" content=\"Nr. 43 5505 M\u00fchlbach am Hochk\u00f6nig Salzburg \/ \u00d6sterreich\" \/>\n<meta name=\"robots\" content=\"index, follow, max-snippet:-1, max-image-preview:large, max-video-preview:-1\" \/>\n<link rel=\"canonical\" href=\"https:\/\/gut-stein.at\/nl\/kontakt-anfahrt\/\" \/>\n<meta property=\"og:locale\" content=\"nl_NL\" \/>\n<meta property=\"og:locale:alternate\" content=\"en_US\" \/>\n<meta property=\"og:locale:alternate\" content=\"cs_CZ\" \/>\n<meta property=\"og:locale:alternate\" content=\"de_DE\" \/>\n<meta property=\"og:locale:alternate\" content=\"fr_FR\" \/>\n<meta property=\"og:locale:alternate\" content=\"hu_HU\" \/>\n<meta property=\"og:locale:alternate\" content=\"it_IT\" \/>\n<meta property=\"og:type\" content=\"article\" \/>\n<meta property=\"og:title\" content=\"Nr. 43 5505 M\u00fchlbach am Hochk\u00f6nig \u00d6sterreich, Ferienwohnungen Gut Stein Panoramalodge M\u00fchlbach am Hochk\u00f6nig, Salzburg\/Austria\" \/>\n<meta property=\"og:description\" content=\"Nr. 43 5505 M\u00fchlbach am Hochk\u00f6nig Salzburg \/ \u00d6sterreich\" \/>\n<meta property=\"og:url\" content=\"https:\/\/gut-stein.at\/nl\/kontakt-anfahrt\/\" \/>\n<meta property=\"og:site_name\" content=\"Panorama Lodge \u201eGUT STEIN\u201c\" \/>\n<meta property=\"article:publisher\" content=\"https:\/\/www.facebook.com\/Gut-Stein-Panorama-Lodge-M%c3%bchlbach-am-Hochk%c3%b6nig-100731335098566\" \/>\n<meta property=\"article:modified_time\" content=\"2021-08-10T16:19:46+00:00\" \/>\n<meta name=\"twitter:card\" content=\"summary_large_image\" \/>\n<meta name=\"twitter:label1\" content=\"Geschatte leestijd\" \/>\n\t<meta name=\"twitter:data1\" content=\"1 minuut\" \/>\n<script type=\"application\/ld+json\" class=\"yoast-schema-graph\">{\"@context\":\"https:\\\/\\\/schema.org\",\"@graph\":[{\"@type\":\"WebPage\",\"@id\":\"https:\\\/\\\/gut-stein.at\\\/kontakt-anfahrt\\\/\",\"url\":\"https:\\\/\\\/gut-stein.at\\\/kontakt-anfahrt\\\/\",\"name\":\"Nr. 43 5505 M\u00fchlbach am Hochk\u00f6nig \u00d6sterreich, Ferienwohnungen Gut Stein Panoramalodge M\u00fchlbach am Hochk\u00f6nig, Salzburg\\\/Austria\",\"isPartOf\":{\"@id\":\"https:\\\/\\\/gut-stein.at\\\/#website\"},\"datePublished\":\"2015-10-02T11:41:28+00:00\",\"dateModified\":\"2021-08-10T16:19:46+00:00\",\"description\":\"Nr. 43 5505 M\u00fchlbach am Hochk\u00f6nig Salzburg \\\/ \u00d6sterreich\",\"breadcrumb\":{\"@id\":\"https:\\\/\\\/gut-stein.at\\\/kontakt-anfahrt\\\/#breadcrumb\"},\"inLanguage\":\"nl-NL\",\"potentialAction\":[{\"@type\":\"ReadAction\",\"target\":[\"https:\\\/\\\/gut-stein.at\\\/kontakt-anfahrt\\\/\"]}]},{\"@type\":\"BreadcrumbList\",\"@id\":\"https:\\\/\\\/gut-stein.at\\\/kontakt-anfahrt\\\/#breadcrumb\",\"itemListElement\":[{\"@type\":\"ListItem\",\"position\":1,\"name\":\"Startseite\",\"item\":\"https:\\\/\\\/gut-stein.at\\\/\"},{\"@type\":\"ListItem\",\"position\":2,\"name\":\"Kontakt &#038; Anfahrt\"}]},{\"@type\":\"WebSite\",\"@id\":\"https:\\\/\\\/gut-stein.at\\\/#website\",\"url\":\"https:\\\/\\\/gut-stein.at\\\/\",\"name\":\"Panorama Lodge \u201eGUT STEIN\u201c\",\"description\":\"M\u00fchlbach am HOCHK\u00d6NIG\",\"publisher\":{\"@id\":\"https:\\\/\\\/gut-stein.at\\\/#organization\"},\"potentialAction\":[{\"@type\":\"SearchAction\",\"target\":{\"@type\":\"EntryPoint\",\"urlTemplate\":\"https:\\\/\\\/gut-stein.at\\\/?s={search_term_string}\"},\"query-input\":{\"@type\":\"PropertyValueSpecification\",\"valueRequired\":true,\"valueName\":\"search_term_string\"}}],\"inLanguage\":\"nl-NL\"},{\"@type\":\"Organization\",\"@id\":\"https:\\\/\\\/gut-stein.at\\\/#organization\",\"name\":\"Gut Stein Panoramalodge M\u00fchlbach\",\"url\":\"https:\\\/\\\/gut-stein.at\\\/\",\"logo\":{\"@type\":\"ImageObject\",\"inLanguage\":\"nl-NL\",\"@id\":\"https:\\\/\\\/gut-stein.at\\\/#\\\/schema\\\/logo\\\/image\\\/\",\"url\":\"https:\\\/\\\/gut-stein.at\\\/wp-content\\\/uploads\\\/gut_stein_logo.png\",\"contentUrl\":\"https:\\\/\\\/gut-stein.at\\\/wp-content\\\/uploads\\\/gut_stein_logo.png\",\"width\":232,\"height\":100,\"caption\":\"Gut Stein Panoramalodge M\u00fchlbach\"},\"image\":{\"@id\":\"https:\\\/\\\/gut-stein.at\\\/#\\\/schema\\\/logo\\\/image\\\/\"},\"sameAs\":[\"https:\\\/\\\/www.facebook.com\\\/Gut-Stein-Panorama-Lodge-M\u00fchlbach-am-Hochk\u00f6nig-100731335098566\"]}]}<\/script>\n<!-- \/ Yoast SEO plugin. -->","yoast_head_json":{"title":"Nr. 43 5505 M\u00fchlbach am Hochk\u00f6nig \u00d6sterreich, Ferienwohnungen Gut Stein Panoramalodge M\u00fchlbach am Hochk\u00f6nig, Salzburg\/Austria","description":"Nr. 43 5505 M\u00fchlbach am Hochk\u00f6nig Salzburg \/ \u00d6sterreich","robots":{"index":"index","follow":"follow","max-snippet":"max-snippet:-1","max-image-preview":"max-image-preview:large","max-video-preview":"max-video-preview:-1"},"canonical":"https:\/\/gut-stein.at\/nl\/kontakt-anfahrt\/","og_locale":"nl_NL","og_type":"article","og_title":"Nr. 43 5505 M\u00fchlbach am Hochk\u00f6nig \u00d6sterreich, Ferienwohnungen Gut Stein Panoramalodge M\u00fchlbach am Hochk\u00f6nig, Salzburg\/Austria","og_description":"Nr. 43 5505 M\u00fchlbach am Hochk\u00f6nig Salzburg \/ \u00d6sterreich","og_url":"https:\/\/gut-stein.at\/nl\/kontakt-anfahrt\/","og_site_name":"Panorama Lodge \u201eGUT STEIN\u201c","article_publisher":"https:\/\/www.facebook.com\/Gut-Stein-Panorama-Lodge-M%c3%bchlbach-am-Hochk%c3%b6nig-100731335098566","article_modified_time":"2021-08-10T16:19:46+00:00","twitter_card":"summary_large_image","twitter_misc":{"Geschatte leestijd":"1 minuut"},"schema":{"@context":"https:\/\/schema.org","@graph":[{"@type":"WebPage","@id":"https:\/\/gut-stein.at\/kontakt-anfahrt\/","url":"https:\/\/gut-stein.at\/kontakt-anfahrt\/","name":"Nr. 43 5505 M\u00fchlbach am Hochk\u00f6nig \u00d6sterreich, Ferienwohnungen Gut Stein Panoramalodge M\u00fchlbach am Hochk\u00f6nig, Salzburg\/Austria","isPartOf":{"@id":"https:\/\/gut-stein.at\/#website"},"datePublished":"2015-10-02T11:41:28+00:00","dateModified":"2021-08-10T16:19:46+00:00","description":"Nr. 43 5505 M\u00fchlbach am Hochk\u00f6nig Salzburg \/ \u00d6sterreich","breadcrumb":{"@id":"https:\/\/gut-stein.at\/kontakt-anfahrt\/#breadcrumb"},"inLanguage":"nl-NL","potentialAction":[{"@type":"ReadAction","target":["https:\/\/gut-stein.at\/kontakt-anfahrt\/"]}]},{"@type":"BreadcrumbList","@id":"https:\/\/gut-stein.at\/kontakt-anfahrt\/#breadcrumb","itemListElement":[{"@type":"ListItem","position":1,"name":"Startseite","item":"https:\/\/gut-stein.at\/"},{"@type":"ListItem","position":2,"name":"Kontakt &#038; Anfahrt"}]},{"@type":"WebSite","@id":"https:\/\/gut-stein.at\/#website","url":"https:\/\/gut-stein.at\/","name":"Panorama Lodge \u201eGUT STEIN\u201c","description":"M\u00fchlbach am HOCHK\u00d6NIG","publisher":{"@id":"https:\/\/gut-stein.at\/#organization"},"potentialAction":[{"@type":"SearchAction","target":{"@type":"EntryPoint","urlTemplate":"https:\/\/gut-stein.at\/?s={search_term_string}"},"query-input":{"@type":"PropertyValueSpecification","valueRequired":true,"valueName":"search_term_string"}}],"inLanguage":"nl-NL"},{"@type":"Organization","@id":"https:\/\/gut-stein.at\/#organization","name":"Gut Stein Panoramalodge M\u00fchlbach","url":"https:\/\/gut-stein.at\/","logo":{"@type":"ImageObject","inLanguage":"nl-NL","@id":"https:\/\/gut-stein.at\/#\/schema\/logo\/image\/","url":"https:\/\/gut-stein.at\/wp-content\/uploads\/gut_stein_logo.png","contentUrl":"https:\/\/gut-stein.at\/wp-content\/uploads\/gut_stein_logo.png","width":232,"height":100,"caption":"Gut Stein Panoramalodge M\u00fchlbach"},"image":{"@id":"https:\/\/gut-stein.at\/#\/schema\/logo\/image\/"},"sameAs":["https:\/\/www.facebook.com\/Gut-Stein-Panorama-Lodge-M\u00fchlbach-am-Hochk\u00f6nig-100731335098566"]}]}},"_links":{"self":[{"href":"https:\/\/gut-stein.at\/nl\/wp-json\/wp\/v2\/pages\/85","targetHints":{"allow":["GET"]}}],"collection":[{"href":"https:\/\/gut-stein.at\/nl\/wp-json\/wp\/v2\/pages"}],"about":[{"href":"https:\/\/gut-stein.at\/nl\/wp-json\/wp\/v2\/types\/page"}],"author":[{"embeddable":true,"href":"https:\/\/gut-stein.at\/nl\/wp-json\/wp\/v2\/users\/2"}],"replies":[{"embeddable":true,"href":"https:\/\/gut-stein.at\/nl\/wp-json\/wp\/v2\/comments?post=85"}],"version-history":[{"count":2,"href":"https:\/\/gut-stein.at\/nl\/wp-json\/wp\/v2\/pages\/85\/revisions"}],"predecessor-version":[{"id":2484,"href":"https:\/\/gut-stein.at\/nl\/wp-json\/wp\/v2\/pages\/85\/revisions\/2484"}],"wp:attachment":[{"href":"https:\/\/gut-stein.at\/nl\/wp-json\/wp\/v2\/media?parent=85"}],"curies":[{"name":"wp","href":"https:\/\/api.w.org\/{rel}","templated":true}]}}